{"id":1352,"date":"2023-04-14T14:32:00","date_gmt":"2023-04-14T14:32:00","guid":{"rendered":"https:\/\/www.softwareglimpse.com\/?page_id=1352"},"modified":"2023-04-14T14:32:52","modified_gmt":"2023-04-14T14:32:52","slug":"terms-and-conditions","status":"publish","type":"page","link":"https:\/\/www.softwareglimpse.com\/fr\/termes-et-conditions\/","title":{"rendered":"Termes et conditions"},"content":{"rendered":"<p>Bienvenue sur notre site. Si vous continuez \u00e0 naviguer et \u00e0 utiliser ce site Web, vous acceptez de vous conformer et d&#039;\u00eatre li\u00e9 par les termes et conditions d&#039;utilisation suivants, qui, avec notre politique de confidentialit\u00e9, r\u00e9gissent la relation de softwareglimpse.com avec vous en relation avec ce site Web. Si vous n&#039;\u00eates pas d&#039;accord avec une partie de ces termes et conditions, veuillez ne pas utiliser notre site Web.<\/p>\n\n\n\n<p>Les termes \u00ab\u00a0softwareglimpse.com\u00a0\u00bb ou \u00ab\u00a0nous\u00a0\u00bb ou \u00ab\u00a0nous\u00a0\u00bb font r\u00e9f\u00e9rence au(x) propri\u00e9taire(s) du site Web. L\u2019utilisation de ce site Web est soumise aux conditions d\u2019utilisation suivantes :<\/p>\n\n\n\n<p>Le contenu des pages de ce site Web est uniquement destin\u00e9 \u00e0 votre information g\u00e9n\u00e9rale et \u00e0 votre utilisation. Un changement sans pr\u00e9avis est possible.<\/p>\n\n\n\n<p>Ni nous ni aucun tiers ne fournissons de garantie quant \u00e0 l&#039;exactitude, l&#039;actualit\u00e9, la performance, l&#039;exhaustivit\u00e9 ou la pertinence des informations et des mat\u00e9riaux trouv\u00e9s ou propos\u00e9s sur ce site Web \u00e0 des fins particuli\u00e8res. Vous reconnaissez que ces informations et documents peuvent contenir des inexactitudes ou des erreurs et nous excluons express\u00e9ment toute responsabilit\u00e9 pour ces inexactitudes ou erreurs dans toute la mesure permise par la loi.<\/p>\n\n\n\n<p>Votre utilisation de toute information ou mat\u00e9riel sur ce site Web est enti\u00e8rement \u00e0 vos propres risques, pour lesquels nous ne serons pas responsables. Il est de votre responsabilit\u00e9 de vous assurer que tous les produits, services ou informations disponibles sur ce site Web r\u00e9pondent \u00e0 vos besoins sp\u00e9cifiques.<\/p>\n\n\n\n<p>Ce site Web contient du mat\u00e9riel qui nous appartient ou nous est conc\u00e9d\u00e9 sous licence. Ce mat\u00e9riel comprend, mais sans s&#039;y limiter, la conception, la mise en page, l&#039;apparence, l&#039;apparence et les graphiques. La reproduction est interdite autrement que conform\u00e9ment \u00e0 l&#039;avis de droit d&#039;auteur, qui fait partie de ces termes et conditions.<\/p>\n\n\n\n<p>Toutes les marques d\u00e9pos\u00e9es reproduites sur ce site Web, qui ne sont pas la propri\u00e9t\u00e9 de l&#039;op\u00e9rateur ou ne lui sont pas conc\u00e9d\u00e9es sous licence, sont reconnues sur le site Web. L&#039;utilisation non autoris\u00e9e de ce site Web peut donner lieu \u00e0 une action en dommages-int\u00e9r\u00eats et\/ou constituer une infraction p\u00e9nale.<\/p>\n\n\n\n<p>De temps \u00e0 autre, ce site Web peut \u00e9galement inclure des liens vers d&#039;autres sites Web. Ces liens sont fournis pour votre commodit\u00e9 afin de fournir de plus amples informations. Ils ne signifient pas que nous approuvons les sites). Nous d\u00e9clinons toute responsabilit\u00e9 quant au contenu du ou des sites Web li\u00e9s.<\/p>\n\n\n\n<p>softwareglimpse.com se r\u00e9serve le droit d&#039;apporter des modifications au site Web ou aux documents li\u00e9s au site Web sans pr\u00e9avis.<\/p>","protected":false},"excerpt":{"rendered":"<p>Welcome to our website. If you continue to browse and use this website, you are agreeing to comply with and be bound by the following terms and conditions of use, which, together with our privacy policy, govern softwareglimpse.com\u2019s relationship with you in relation to this website. If you disagree with any part of these terms&#8230;<\/p>","protected":false},"author":1,"featured_media":58,"parent":0,"menu_order":0,"comment_status":"closed","ping_status":"closed","template":"","meta":{"_kad_blocks_custom_css":"","_kad_blocks_head_custom_js":"","_kad_blocks_body_custom_js":"","_kad_blocks_footer_custom_js":"","_monsterinsights_skip_tracking":false,"_monsterinsights_sitenote_active":false,"_monsterinsights_sitenote_note":"","_monsterinsights_sitenote_category":0,"_kad_post_transparent":"","_kad_post_title":"","_kad_post_layout":"","_kad_post_sidebar_id":"","_kad_post_content_style":"","_kad_post_vertical_padding":"","_kad_post_feature":"","_kad_post_feature_position":"","_kad_post_header":false,"_kad_post_footer":false,"footnotes":""},"class_list":["post-1352","page","type-page","status-publish","has-post-thumbnail","hentry"],"yoast_head":"<!-- This site is optimized with the Yoast SEO plugin v20.13 - https:\/\/yoast.com\/wordpress\/plugins\/seo\/ -->\n<title>Terms and Conditions - softwareglimpse.com<\/title>\n<meta name=\"description\" content=\"Looking for expert software reviews and guides? softwareglimpse.com has got you covered! Our latest Terms and Conditions offers comprehensive insights and step-by-step tutorials on the latest software tools and technologies. Whether you&#039;re a beginner or an advanced user, our blog provides valuable tips and tricks to help you streamline your workflow and achieve better results. Check out our Terms and Conditions now and take your skills to the next level!\" \/>\n<meta name=\"robots\" content=\"index, follow, max-snippet:-1, max-image-preview:large, max-video-preview:-1\" \/>\n<link rel=\"canonical\" href=\"https:\/\/www.softwareglimpse.com\/fr\/termes-et-conditions\/\" \/>\n<meta property=\"og:locale\" content=\"fr_FR\" \/>\n<meta property=\"og:type\" content=\"article\" \/>\n<meta property=\"og:title\" content=\"Terms and Conditions - softwareglimpse.com\" \/>\n<meta property=\"og:description\" content=\"Looking for expert software reviews and guides? softwareglimpse.com has got you covered! Our latest Terms and Conditions offers comprehensive insights and step-by-step tutorials on the latest software tools and technologies. Whether you&#039;re a beginner or an advanced user, our blog provides valuable tips and tricks to help you streamline your workflow and achieve better results. Check out our Terms and Conditions now and take your skills to the next level!\" \/>\n<meta property=\"og:url\" content=\"https:\/\/www.softwareglimpse.com\/fr\/termes-et-conditions\/\" \/>\n<meta property=\"og:site_name\" content=\"softwareglimpse.com\" \/>\n<meta property=\"article:publisher\" content=\"https:\/\/www.facebook.com\/softwareglimpse\" \/>\n<meta property=\"article:modified_time\" content=\"2023-04-14T14:32:52+00:00\" \/>\n<meta property=\"og:image\" content=\"https:\/\/www.softwareglimpse.com\/wp-content\/uploads\/2022\/03\/dylan-ferreira-TT5HB9mF07U-unsplash.jpg\" \/>\n\t<meta property=\"og:image:width\" content=\"1920\" \/>\n\t<meta property=\"og:image:height\" content=\"1280\" \/>\n\t<meta property=\"og:image:type\" content=\"image\/jpeg\" \/>\n<meta name=\"twitter:card\" content=\"summary_large_image\" \/>\n<meta name=\"twitter:site\" content=\"@softwareglimpse\" \/>\n<meta name=\"twitter:label1\" content=\"Dur\u00e9e de lecture estim\u00e9e\" \/>\n\t<meta name=\"twitter:data1\" content=\"2 minutes\" \/>\n<script type=\"application\/ld+json\" class=\"yoast-schema-graph\">{\"@context\":\"https:\/\/schema.org\",\"@graph\":[{\"@type\":\"WebPage\",\"@id\":\"https:\/\/www.softwareglimpse.com\/terms-and-conditions\/\",\"url\":\"https:\/\/www.softwareglimpse.com\/terms-and-conditions\/\",\"name\":\"Terms and Conditions - softwareglimpse.com\",\"isPartOf\":{\"@id\":\"https:\/\/www.softwareglimpse.com\/#website\"},\"datePublished\":\"2023-04-14T14:32:00+00:00\",\"dateModified\":\"2023-04-14T14:32:52+00:00\",\"description\":\"Looking for expert software reviews and guides? softwareglimpse.com has got you covered! Our latest Terms and Conditions offers comprehensive insights and step-by-step tutorials on the latest software tools and technologies. Whether you're a beginner or an advanced user, our blog provides valuable tips and tricks to help you streamline your workflow and achieve better results. Check out our Terms and Conditions now and take your skills to the next level!\",\"breadcrumb\":{\"@id\":\"https:\/\/www.softwareglimpse.com\/terms-and-conditions\/#breadcrumb\"},\"inLanguage\":\"fr-FR\",\"potentialAction\":[{\"@type\":\"ReadAction\",\"target\":[\"https:\/\/www.softwareglimpse.com\/terms-and-conditions\/\"]}]},{\"@type\":\"BreadcrumbList\",\"@id\":\"https:\/\/www.softwareglimpse.com\/terms-and-conditions\/#breadcrumb\",\"itemListElement\":[{\"@type\":\"ListItem\",\"position\":1,\"name\":\"Home\",\"item\":\"https:\/\/www.softwareglimpse.com\/\"},{\"@type\":\"ListItem\",\"position\":2,\"name\":\"Terms and Conditions\"}]},{\"@type\":\"WebSite\",\"@id\":\"https:\/\/www.softwareglimpse.com\/#website\",\"url\":\"https:\/\/www.softwareglimpse.com\/\",\"name\":\"softwareglimpse.com\",\"description\":\"Stay ahead of the game with our trusted software reviews.\",\"publisher\":{\"@id\":\"https:\/\/www.softwareglimpse.com\/#organization\"},\"potentialAction\":[{\"@type\":\"SearchAction\",\"target\":{\"@type\":\"EntryPoint\",\"urlTemplate\":\"https:\/\/www.softwareglimpse.com\/?s={search_term_string}\"},\"query-input\":\"required name=search_term_string\"}],\"inLanguage\":\"fr-FR\"},{\"@type\":\"Organization\",\"@id\":\"https:\/\/www.softwareglimpse.com\/#organization\",\"name\":\"Software Glimpse\",\"url\":\"https:\/\/www.softwareglimpse.com\/\",\"logo\":{\"@type\":\"ImageObject\",\"inLanguage\":\"fr-FR\",\"@id\":\"https:\/\/www.softwareglimpse.com\/#\/schema\/logo\/image\/\",\"url\":\"https:\/\/www.softwareglimpse.com\/wp-content\/uploads\/2023\/03\/cropped-Software-GLIMPSE-logo.png\",\"contentUrl\":\"https:\/\/www.softwareglimpse.com\/wp-content\/uploads\/2023\/03\/cropped-Software-GLIMPSE-logo.png\",\"width\":500,\"height\":200,\"caption\":\"Software Glimpse\"},\"image\":{\"@id\":\"https:\/\/www.softwareglimpse.com\/#\/schema\/logo\/image\/\"},\"sameAs\":[\"https:\/\/www.facebook.com\/softwareglimpse\",\"https:\/\/twitter.com\/softwareglimpse\"]}]}<\/script>\n<!-- \/ Yoast SEO plugin. -->","yoast_head_json":{"title":"Terms and Conditions - softwareglimpse.com","description":"Looking for expert software reviews and guides? softwareglimpse.com has got you covered! Our latest Terms and Conditions offers comprehensive insights and step-by-step tutorials on the latest software tools and technologies. Whether you're a beginner or an advanced user, our blog provides valuable tips and tricks to help you streamline your workflow and achieve better results. Check out our Terms and Conditions now and take your skills to the next level!","robots":{"index":"index","follow":"follow","max-snippet":"max-snippet:-1","max-image-preview":"max-image-preview:large","max-video-preview":"max-video-preview:-1"},"canonical":"https:\/\/www.softwareglimpse.com\/fr\/termes-et-conditions\/","og_locale":"fr_FR","og_type":"article","og_title":"Terms and Conditions - softwareglimpse.com","og_description":"Looking for expert software reviews and guides? softwareglimpse.com has got you covered! Our latest Terms and Conditions offers comprehensive insights and step-by-step tutorials on the latest software tools and technologies. Whether you're a beginner or an advanced user, our blog provides valuable tips and tricks to help you streamline your workflow and achieve better results. Check out our Terms and Conditions now and take your skills to the next level!","og_url":"https:\/\/www.softwareglimpse.com\/fr\/termes-et-conditions\/","og_site_name":"softwareglimpse.com","article_publisher":"https:\/\/www.facebook.com\/softwareglimpse","article_modified_time":"2023-04-14T14:32:52+00:00","og_image":[{"width":1920,"height":1280,"url":"https:\/\/www.softwareglimpse.com\/wp-content\/uploads\/2022\/03\/dylan-ferreira-TT5HB9mF07U-unsplash.jpg","type":"image\/jpeg"}],"twitter_card":"summary_large_image","twitter_site":"@softwareglimpse","twitter_misc":{"Dur\u00e9e de lecture estim\u00e9e":"2 minutes"},"schema":{"@context":"https:\/\/schema.org","@graph":[{"@type":"WebPage","@id":"https:\/\/www.softwareglimpse.com\/terms-and-conditions\/","url":"https:\/\/www.softwareglimpse.com\/terms-and-conditions\/","name":"Terms and Conditions - softwareglimpse.com","isPartOf":{"@id":"https:\/\/www.softwareglimpse.com\/#website"},"datePublished":"2023-04-14T14:32:00+00:00","dateModified":"2023-04-14T14:32:52+00:00","description":"Looking for expert software reviews and guides? softwareglimpse.com has got you covered! Our latest Terms and Conditions offers comprehensive insights and step-by-step tutorials on the latest software tools and technologies. Whether you're a beginner or an advanced user, our blog provides valuable tips and tricks to help you streamline your workflow and achieve better results. Check out our Terms and Conditions now and take your skills to the next level!","breadcrumb":{"@id":"https:\/\/www.softwareglimpse.com\/terms-and-conditions\/#breadcrumb"},"inLanguage":"fr-FR","potentialAction":[{"@type":"ReadAction","target":["https:\/\/www.softwareglimpse.com\/terms-and-conditions\/"]}]},{"@type":"BreadcrumbList","@id":"https:\/\/www.softwareglimpse.com\/terms-and-conditions\/#breadcrumb","itemListElement":[{"@type":"ListItem","position":1,"name":"Home","item":"https:\/\/www.softwareglimpse.com\/"},{"@type":"ListItem","position":2,"name":"Terms and Conditions"}]},{"@type":"WebSite","@id":"https:\/\/www.softwareglimpse.com\/#website","url":"https:\/\/www.softwareglimpse.com\/","name":"softwareglimpse.com","description":"Stay ahead of the game with our trusted software reviews.","publisher":{"@id":"https:\/\/www.softwareglimpse.com\/#organization"},"potentialAction":[{"@type":"SearchAction","target":{"@type":"EntryPoint","urlTemplate":"https:\/\/www.softwareglimpse.com\/?s={search_term_string}"},"query-input":"required name=search_term_string"}],"inLanguage":"fr-FR"},{"@type":"Organization","@id":"https:\/\/www.softwareglimpse.com\/#organization","name":"Software Glimpse","url":"https:\/\/www.softwareglimpse.com\/","logo":{"@type":"ImageObject","inLanguage":"fr-FR","@id":"https:\/\/www.softwareglimpse.com\/#\/schema\/logo\/image\/","url":"https:\/\/www.softwareglimpse.com\/wp-content\/uploads\/2023\/03\/cropped-Software-GLIMPSE-logo.png","contentUrl":"https:\/\/www.softwareglimpse.com\/wp-content\/uploads\/2023\/03\/cropped-Software-GLIMPSE-logo.png","width":500,"height":200,"caption":"Software Glimpse"},"image":{"@id":"https:\/\/www.softwareglimpse.com\/#\/schema\/logo\/image\/"},"sameAs":["https:\/\/www.facebook.com\/softwareglimpse","https:\/\/twitter.com\/softwareglimpse"]}]}},"taxonomy_info":[],"featured_image_src_large":["https:\/\/www.softwareglimpse.com\/wp-content\/uploads\/2022\/03\/dylan-ferreira-TT5HB9mF07U-unsplash-1024x683.jpg",1024,683,true],"author_info":{"display_name":"Lee M","author_link":"https:\/\/www.softwareglimpse.com\/fr\/author\/wpx_admin\/"},"comment_info":0,"_links":{"self":[{"href":"https:\/\/www.softwareglimpse.com\/fr\/wp-json\/wp\/v2\/pages\/1352","targetHints":{"allow":["GET"]}}],"collection":[{"href":"https:\/\/www.softwareglimpse.com\/fr\/wp-json\/wp\/v2\/pages"}],"about":[{"href":"https:\/\/www.softwareglimpse.com\/fr\/wp-json\/wp\/v2\/types\/page"}],"author":[{"embeddable":true,"href":"https:\/\/www.softwareglimpse.com\/fr\/wp-json\/wp\/v2\/users\/1"}],"replies":[{"embeddable":true,"href":"https:\/\/www.softwareglimpse.com\/fr\/wp-json\/wp\/v2\/comments?post=1352"}],"version-history":[{"count":1,"href":"https:\/\/www.softwareglimpse.com\/fr\/wp-json\/wp\/v2\/pages\/1352\/revisions"}],"predecessor-version":[{"id":1353,"href":"https:\/\/www.softwareglimpse.com\/fr\/wp-json\/wp\/v2\/pages\/1352\/revisions\/1353"}],"wp:featuredmedia":[{"embeddable":true,"href":"https:\/\/www.softwareglimpse.com\/fr\/wp-json\/wp\/v2\/media\/58"}],"wp:attachment":[{"href":"https:\/\/www.softwareglimpse.com\/fr\/wp-json\/wp\/v2\/media?parent=1352"}],"curies":[{"name":"wp","href":"https:\/\/api.w.org\/{rel}","templated":true}]}}