{"id":3,"date":"2023-03-22T06:47:50","date_gmt":"2023-03-22T06:47:50","guid":{"rendered":"https:\/\/softwareglimpse.com\/?page_id=3"},"modified":"2023-04-14T14:40:53","modified_gmt":"2023-04-14T14:40:53","slug":"privacy-policy","status":"publish","type":"page","link":"https:\/\/www.softwareglimpse.com\/es\/politica-de-privacidad\/","title":{"rendered":"pol\u00edtica de privacidad"},"content":{"rendered":"<h2 class=\"wp-block-heading\">Quienes somos<\/h2>\n\n\n\n<p>La direcci\u00f3n de nuestro sitio web es: https:\/\/softwareglimpse.com.<\/p>\n\n\n\n<h2 class=\"wp-block-heading\">Comentarios<\/h2>\n\n\n\n<p>Cuando los visitantes dejan comentarios en el sitio, recopilamos los datos que se muestran en el formulario de comentarios, y tambi\u00e9n la direcci\u00f3n IP del visitante y la cadena del agente de usuario del navegador para ayudar a la detecci\u00f3n de spam.<\/p>\n\n\n\n<p>Se puede proporcionar una cadena an\u00f3nima creada a partir de su direcci\u00f3n de correo electr\u00f3nico (tambi\u00e9n llamada hash) al servicio Gravatar para ver si la est\u00e1 utilizando. La pol\u00edtica de privacidad del servicio Gravatar est\u00e1 disponible aqu\u00ed: https:\/\/automattic.com\/privacy\/. Despu\u00e9s de la aprobaci\u00f3n de su comentario, su foto de perfil es visible para el p\u00fablico en el contexto de su comentario.<\/p>\n\n\n\n<h2 class=\"wp-block-heading\">Medios de comunicaci\u00f3n<\/h2>\n\n\n\n<p>Si subes im\u00e1genes al sitio web, debes evitar subir im\u00e1genes con datos de ubicaci\u00f3n incrustados (GPS EXIF) incluidos. Los visitantes del sitio web pueden descargar y extraer cualquier dato de ubicaci\u00f3n de las im\u00e1genes del sitio web.<\/p>\n\n\n\n<h2 class=\"wp-block-heading\">Galletas<\/h2>\n\n\n\n<p>Si deja un comentario en nuestro sitio, puede optar por guardar su nombre, direcci\u00f3n de correo electr\u00f3nico y sitio web en cookies. Estos son para su comodidad, para que no tenga que volver a rellenar sus datos cuando deje otro comentario. Estas cookies tendr\u00e1n una duraci\u00f3n de un a\u00f1o.<\/p>\n\n\n\n<p>Si visita nuestra p\u00e1gina de inicio de sesi\u00f3n, estableceremos una cookie temporal para determinar si su navegador acepta cookies. Esta cookie no contiene datos personales y se descarta cuando cierra su navegador.<\/p>\n\n\n\n<p>Cuando inicie sesi\u00f3n, tambi\u00e9n configuraremos varias cookies para guardar su informaci\u00f3n de inicio de sesi\u00f3n y sus opciones de visualizaci\u00f3n de pantalla. Las cookies de inicio de sesi\u00f3n duran dos d\u00edas y las cookies de opciones de pantalla duran un a\u00f1o. Si selecciona &quot;Recordarme&quot;, su inicio de sesi\u00f3n persistir\u00e1 durante dos semanas. Si cierra sesi\u00f3n en su cuenta, se eliminar\u00e1n las cookies de inicio de sesi\u00f3n.<\/p>\n\n\n\n<p>Si edita o publica un art\u00edculo, se guardar\u00e1 una cookie adicional en su navegador. Esta cookie no incluye datos personales y simplemente indica el ID de publicaci\u00f3n del art\u00edculo que acaba de editar. Caduca despu\u00e9s de 1 d\u00eda.<\/p>\n\n\n\n<h2 class=\"wp-block-heading\">Contenido incrustado de otros sitios web<\/h2>\n\n\n\n<p>Los art\u00edculos en este sitio pueden incluir contenido incrustado (por ejemplo, videos, im\u00e1genes, art\u00edculos, etc.). El contenido incrustado de otros sitios web se comporta exactamente de la misma manera que si el visitante hubiera visitado el otro sitio web.<\/p>\n\n\n\n<p>Estos sitios web pueden recopilar datos sobre usted, usar cookies, incrustar un seguimiento adicional de terceros y monitorear su interacci\u00f3n con ese contenido incrustado, incluido el seguimiento de su interacci\u00f3n con el contenido incrustado si tiene una cuenta y ha iniciado sesi\u00f3n en ese sitio web.<\/p>\n\n\n\n<h2 class=\"wp-block-heading\">Con qui\u00e9n compartimos sus datos<\/h2>\n\n\n\n<p>Si solicita un restablecimiento de contrase\u00f1a, su direcci\u00f3n IP se incluir\u00e1 en el correo electr\u00f3nico de restablecimiento.<\/p>\n\n\n\n<h2 class=\"wp-block-heading\">Cu\u00e1nto tiempo conservamos sus datos<\/h2>\n\n\n\n<p>Si deja un comentario, el comentario y sus metadatos se conservan indefinidamente. Esto es para que podamos reconocer y aprobar cualquier comentario de seguimiento autom\u00e1ticamente en lugar de mantenerlos en una cola de moderaci\u00f3n.<\/p>\n\n\n\n<p>Para los usuarios que se registran en nuestro sitio web (si los hay), tambi\u00e9n almacenamos la informaci\u00f3n personal que proporcionan en su perfil de usuario. Todos los usuarios pueden ver, editar o eliminar su informaci\u00f3n personal en cualquier momento (excepto que no pueden cambiar su nombre de usuario). Los administradores del sitio web tambi\u00e9n pueden ver y editar esa informaci\u00f3n.<\/p>\n\n\n\n<h2 class=\"wp-block-heading\">Qu\u00e9 derechos tienes sobre tus datos<\/h2>\n\n\n\n<p>Si tiene una cuenta en este sitio o ha dejado comentarios, puede solicitar recibir un archivo exportado de los datos personales que tenemos sobre usted, incluidos los datos que nos haya proporcionado. Tambi\u00e9n puede solicitar que eliminemos cualquier dato personal que tengamos sobre usted. Esto no incluye ning\u00fan dato que estemos obligados a conservar con fines administrativos, legales o de seguridad.<\/p>\n\n\n\n<h2 class=\"wp-block-heading\">D\u00f3nde se env\u00edan sus datos<\/h2>\n\n\n\n<p>Los comentarios de los visitantes puede que los revise un servicio de detecci\u00f3n autom\u00e1tica de spam.<\/p>\n\n\n\n<h2 class=\"wp-block-heading\">Complementos de redes sociales<\/h2>\n\n\n\n<p><strong>S\u00faper socializador \u2013 Inicio de sesi\u00f3n social<\/strong><\/p>\n\n\n\n<p>Recopilamos los datos de su perfil p\u00fablico solo a partir de su consentimiento que otorga antes de iniciar el inicio de sesi\u00f3n social, desde la red social utilizada para iniciar sesi\u00f3n en nuestro sitio web. Estos datos incluyen su nombre, apellido, direcci\u00f3n de correo electr\u00f3nico, enlace a su perfil de redes sociales, identificador \u00fanico, enlace al avatar del perfil social. Estos datos se utilizan para crear su perfil de usuario en nuestro sitio web. Puede revocar este consentimiento en cualquier momento desde su p\u00e1gina de perfil en nuestro sitio web o envi\u00e1ndonos un correo electr\u00f3nico.<\/p>\n\n\n\n<p><strong>Comentarios de Facebook<\/strong><\/p>\n\n\n\n<p>Incorporamos el complemento de comentarios de Facebook para permitirle dejar comentarios en nuestro sitio web utilizando su cuenta de Facebook. Este complemento puede recopilar su direcci\u00f3n IP, el agente de usuario de su navegador web, almacenar y recuperar cookies en su navegador, incrustar seguimiento adicional y monitorear su interacci\u00f3n con la interfaz de comentarios, incluida la correlaci\u00f3n de su cuenta de Facebook con cualquier acci\u00f3n que realice dentro de la interfaz (como como &quot;me gusta&quot; en el comentario de alguien, respondiendo a otros comentarios), si est\u00e1 conectado a Facebook. Para obtener m\u00e1s informaci\u00f3n sobre c\u00f3mo se pueden usar estos datos, consulte la pol\u00edtica de privacidad de datos de Facebook: https:\/\/www.facebook.com\/about\/privacy\/update<\/p>\n\n\n\n<p><strong>Comentarios de Google Plus<\/strong><\/p>\n\n\n\n<p>Utilizamos el widget de comentarios de GooglePlus en nuestro sitio web para que pueda comentar en nuestras p\u00e1ginas web utilizando su cuenta de GooglePlus. A partir de esta interacci\u00f3n, Google recopila y almacena autom\u00e1ticamente cierta informaci\u00f3n en los registros del servidor, como la direcci\u00f3n IP, informaci\u00f3n de eventos del dispositivo, como bloqueos, actividad del sistema, configuraci\u00f3n del hardware, tipo de navegador, idioma del navegador, la fecha y hora de su solicitud, de acuerdo con su privacidad de datos. pol\u00edtica: https:\/\/policies.google.com\/privacy<\/p>\n\n\n\n<p><strong>Anal\u00edtica social para compartir\u00a0<\/strong><\/p>\n\n\n\n<p>Usamos Google Analytics para rastrear las acciones sociales realizadas en nuestro sitio web. Google recopila y almacena autom\u00e1ticamente cierta informaci\u00f3n en los registros de su servidor, que incluye informaci\u00f3n sobre eventos del dispositivo, como fallas, actividad del sistema, configuraci\u00f3n del hardware, tipo de navegador, idioma del navegador, fecha y hora de su solicitud y URL de referencia, cookies que pueden identificar de manera \u00fanica a su navegador. o su cuenta de Google, de acuerdo con su pol\u00edtica de privacidad de datos: https:\/\/policies.google.com\/privacy<\/p>\n\n\n\n<p><strong>Botones oficiales de Me gusta de Facebook, Recomendar de Facebook, Compartir de Facebook<\/strong><\/p>\n\n\n\n<figure class=\"wp-block-image\"><a href=\"https:\/\/support.heateor.com\/wp-content\/uploads\/2018\/05\/Facebook-Like.png\" target=\"_blank\"><img decoding=\"async\" src=\"https:\/\/support.heateor.com\/wp-content\/uploads\/2018\/05\/Facebook-Like.png\" alt=\"Me gusta Facebook\" class=\"wp-image-842\"\/><\/a><\/figure>\n\n\n\n<p>Incorporamos un widget de Facebook para permitirle ver la cantidad de Me gusta\/Compartir\/Recomendar y &quot;Me gusta\/Compartir\/Recomendar&quot; nuestras p\u00e1ginas web. Este widget puede recopilar su direcci\u00f3n IP, el agente de usuario de su navegador web, almacenar y recuperar cookies en su navegador, incrustar seguimiento adicional y monitorear su interacci\u00f3n con el widget, incluida la correlaci\u00f3n de su cuenta de Facebook con cualquier acci\u00f3n que realice dentro del widget (como \u201cgustar\/compartir\/recomendar\u201d nuestra p\u00e1gina web), si est\u00e1 conectado a Facebook. Para obtener m\u00e1s informaci\u00f3n sobre c\u00f3mo se pueden usar estos datos, consulte la pol\u00edtica de privacidad de datos de Facebook: https:\/\/www.facebook.com\/about\/privacy\/update<\/p>\n\n\n\n<p><strong>Bot\u00f3n oficial de Twitter Tweet<\/strong><\/p>\n\n\n\n<figure class=\"wp-block-image\"><a href=\"https:\/\/support.heateor.com\/wp-content\/uploads\/2018\/05\/Twitter-Tweet.png\" target=\"_blank\"><img decoding=\"async\" src=\"https:\/\/support.heateor.com\/wp-content\/uploads\/2018\/05\/Twitter-Tweet.png\" alt=\"Twitter Tweet\" class=\"wp-image-843\"\/><\/a><\/figure>\n\n\n\n<p>Usamos un widget de Twitter Tweet en nuestro sitio web. Como resultado, nuestro sitio web realiza solicitudes a los servidores de Twitter para que pueda twittear nuestras p\u00e1ginas web utilizando su cuenta de Twitter. Estas solicitudes hacen que su direcci\u00f3n IP sea visible para Twitter, quien puede usarla de acuerdo con su pol\u00edtica de privacidad de datos: https:\/\/twitter.com\/en\/privacy#update<\/p>\n\n\n\n<p><strong>Botones oficiales de GooglePlus, GooglePlus Share<\/strong><\/p>\n\n\n\n<figure class=\"wp-block-image\"><a href=\"https:\/\/support.heateor.com\/wp-content\/uploads\/2018\/05\/GooglePlus-Share.png\" target=\"_blank\"><img decoding=\"async\" src=\"https:\/\/support.heateor.com\/wp-content\/uploads\/2018\/05\/GooglePlus-Share.png\" alt=\"Compartir con GooglePlus\" class=\"wp-image-844\"\/><\/a><\/figure>\n\n\n\n<p>Usamos un widget de GooglePlus en nuestro sitio web. Como resultado, nuestro sitio web realiza solicitudes a los servidores de Google para que pueda compartir nuestras p\u00e1ginas web utilizando su cuenta de GooglePlus. Estas solicitudes hacen que su direcci\u00f3n IP sea visible para Google, quien puede usarla de acuerdo con su pol\u00edtica de privacidad de datos: https:\/\/policies.google.com\/privacy<\/p>\n\n\n\n<p><strong>Linkedin Compartir bot\u00f3n oficial<\/strong><\/p>\n\n\n\n<figure class=\"wp-block-image\"><a href=\"https:\/\/support.heateor.com\/wp-content\/uploads\/2018\/05\/Linkedin-Share.png\" target=\"_blank\"><img decoding=\"async\" src=\"https:\/\/support.heateor.com\/wp-content\/uploads\/2018\/05\/Linkedin-Share.png\" alt=\"Compartir en Linkedin\" class=\"wp-image-845\"\/><\/a><\/figure>\n\n\n\n<p>Usamos un widget Compartir de Linkedin en nuestro sitio web para permitirle compartir nuestras p\u00e1ginas web en Linkedin. Estas solicitudes pueden rastrear su direcci\u00f3n IP de acuerdo con su pol\u00edtica de privacidad de datos: https:\/\/www.linkedin.com\/legal\/privacy-policy<\/p>\n\n\n\n<p><strong>Bot\u00f3n oficial Guardar de Pinterest<\/strong><\/p>\n\n\n\n<figure class=\"wp-block-image\"><a href=\"https:\/\/support.heateor.com\/wp-content\/uploads\/2018\/05\/Pinterest-Save.png\" target=\"_blank\"><img decoding=\"async\" src=\"https:\/\/support.heateor.com\/wp-content\/uploads\/2018\/05\/Pinterest-Save.png\" alt=\"Guardar\" class=\"wp-image-846\"\/><\/a><\/figure>\n\n\n\n<p>Utilizamos el widget Guardar de Pinterest en nuestro sitio web para permitirle fijar im\u00e1genes a Pinterest desde nuestras p\u00e1ginas web. Estas solicitudes pueden rastrear su direcci\u00f3n IP de acuerdo con su pol\u00edtica de privacidad de datos: https:\/\/policy.pinterest.com\/en\/privacy-policy<\/p>\n\n\n\n<p><strong>Bot\u00f3n oficial de la insignia de Reddit<\/strong><\/p>\n\n\n\n<figure class=\"wp-block-image\"><a href=\"https:\/\/support.heateor.com\/wp-content\/uploads\/2018\/05\/Reddit-Badge.png\" target=\"_blank\"><img decoding=\"async\" src=\"https:\/\/support.heateor.com\/wp-content\/uploads\/2018\/05\/Reddit-Badge.png\" alt=\"Insignia Reddit\" class=\"wp-image-849\"\/><\/a><\/figure>\n\n\n\n<p>Usamos el widget Reddit Badge en nuestro sitio web que puede registrar informaci\u00f3n cuando interact\u00faa con el widget. Esto puede incluir su direcci\u00f3n IP, cadena de agente de usuario, tipo de navegador, sistema operativo, URL de referencia, informaci\u00f3n del dispositivo (p. ej., ID de dispositivo), p\u00e1ginas visitadas, enlaces en los que se hizo clic, interacciones del usuario (p. ej., datos de votaci\u00f3n), la URL solicitada y el hardware. configuraci\u00f3n, de acuerdo con su pol\u00edtica de privacidad: https:\/\/www.redditinc.com\/policies\/privacy-policy<\/p>\n\n\n\n<p><strong>Bot\u00f3n oficial de StumbleUpon Badge<\/strong><\/p>\n\n\n\n<figure class=\"wp-block-image\"><a href=\"https:\/\/support.heateor.com\/wp-content\/uploads\/2018\/05\/StumbleUpon.png\" target=\"_blank\"><img decoding=\"async\" src=\"https:\/\/support.heateor.com\/wp-content\/uploads\/2018\/05\/StumbleUpon.png\" alt=\"Tropezar con\" class=\"wp-image-850\"\/><\/a><\/figure>\n\n\n\n<p>Usamos el widget StumbleUpon Badge en nuestro sitio web que puede registrar informaci\u00f3n cuando interact\u00faa con el widget. Los datos de registro son una forma de informaci\u00f3n no identificable, de acuerdo con su pol\u00edtica de privacidad: http:\/\/www.stumbleupon.com\/privacy<\/p>","protected":false},"excerpt":{"rendered":"<p>Who we are Our website address is: https:\/\/softwareglimpse.com. Comments When visitors leave comments on the site we collect the data shown in the comments form, and also the visitor\u2019s IP address and browser user agent string to help spam detection. An anonymized string created from your email address (also called a hash) may be provided&#8230;<\/p>","protected":false},"author":1,"featured_media":63,"parent":0,"menu_order":0,"comment_status":"closed","ping_status":"open","template":"","meta":{"_kad_blocks_custom_css":"","_kad_blocks_head_custom_js":"","_kad_blocks_body_custom_js":"","_kad_blocks_footer_custom_js":"","_monsterinsights_skip_tracking":false,"_monsterinsights_sitenote_active":false,"_monsterinsights_sitenote_note":"","_monsterinsights_sitenote_category":0,"_kad_post_transparent":"","_kad_post_title":"","_kad_post_layout":"","_kad_post_sidebar_id":"","_kad_post_content_style":"","_kad_post_vertical_padding":"","_kad_post_feature":"","_kad_post_feature_position":"","_kad_post_header":false,"_kad_post_footer":false,"footnotes":""},"class_list":["post-3","page","type-page","status-publish","has-post-thumbnail","hentry"],"yoast_head":"<!-- This site is optimized with the Yoast SEO plugin v20.13 - https:\/\/yoast.com\/wordpress\/plugins\/seo\/ -->\n<title>Privacy Policy - softwareglimpse.com<\/title>\n<meta name=\"description\" content=\"Looking for expert software reviews and guides? softwareglimpse.com has got you covered! Our latest Privacy Policy offers comprehensive insights and step-by-step tutorials on the latest software tools and technologies. Whether you&#039;re a beginner or an advanced user, our blog provides valuable tips and tricks to help you streamline your workflow and achieve better results. Check out our Privacy Policy now and take your skills to the next level!\" \/>\n<meta name=\"robots\" content=\"index, follow, max-snippet:-1, max-image-preview:large, max-video-preview:-1\" \/>\n<link rel=\"canonical\" href=\"https:\/\/www.softwareglimpse.com\/es\/politica-de-privacidad\/\" \/>\n<meta property=\"og:locale\" content=\"es_ES\" \/>\n<meta property=\"og:type\" content=\"article\" \/>\n<meta property=\"og:title\" content=\"Privacy Policy - softwareglimpse.com\" \/>\n<meta property=\"og:description\" content=\"Looking for expert software reviews and guides? softwareglimpse.com has got you covered! Our latest Privacy Policy offers comprehensive insights and step-by-step tutorials on the latest software tools and technologies. Whether you&#039;re a beginner or an advanced user, our blog provides valuable tips and tricks to help you streamline your workflow and achieve better results. Check out our Privacy Policy now and take your skills to the next level!\" \/>\n<meta property=\"og:url\" content=\"https:\/\/www.softwareglimpse.com\/es\/politica-de-privacidad\/\" \/>\n<meta property=\"og:site_name\" content=\"softwareglimpse.com\" \/>\n<meta property=\"article:publisher\" content=\"https:\/\/www.facebook.com\/softwareglimpse\" \/>\n<meta property=\"article:modified_time\" content=\"2023-04-14T14:40:53+00:00\" \/>\n<meta property=\"og:image\" content=\"https:\/\/www.softwareglimpse.com\/wp-content\/uploads\/2022\/03\/mirasbek-nurseit-J0jP9kAOayw-unsplash.jpg\" \/>\n\t<meta property=\"og:image:width\" content=\"1000\" \/>\n\t<meta property=\"og:image:height\" content=\"1500\" \/>\n\t<meta property=\"og:image:type\" content=\"image\/jpeg\" \/>\n<meta name=\"twitter:card\" content=\"summary_large_image\" \/>\n<meta name=\"twitter:site\" content=\"@softwareglimpse\" \/>\n<meta name=\"twitter:label1\" content=\"Tiempo de lectura\" \/>\n\t<meta name=\"twitter:data1\" content=\"8 minutos\" \/>\n<script type=\"application\/ld+json\" class=\"yoast-schema-graph\">{\"@context\":\"https:\/\/schema.org\",\"@graph\":[{\"@type\":\"WebPage\",\"@id\":\"https:\/\/www.softwareglimpse.com\/privacy-policy\/\",\"url\":\"https:\/\/www.softwareglimpse.com\/privacy-policy\/\",\"name\":\"Privacy Policy - softwareglimpse.com\",\"isPartOf\":{\"@id\":\"https:\/\/www.softwareglimpse.com\/#website\"},\"datePublished\":\"2023-03-22T06:47:50+00:00\",\"dateModified\":\"2023-04-14T14:40:53+00:00\",\"description\":\"Looking for expert software reviews and guides? softwareglimpse.com has got you covered! Our latest Privacy Policy offers comprehensive insights and step-by-step tutorials on the latest software tools and technologies. Whether you're a beginner or an advanced user, our blog provides valuable tips and tricks to help you streamline your workflow and achieve better results. Check out our Privacy Policy now and take your skills to the next level!\",\"breadcrumb\":{\"@id\":\"https:\/\/www.softwareglimpse.com\/privacy-policy\/#breadcrumb\"},\"inLanguage\":\"es\",\"potentialAction\":[{\"@type\":\"ReadAction\",\"target\":[\"https:\/\/www.softwareglimpse.com\/privacy-policy\/\"]}]},{\"@type\":\"BreadcrumbList\",\"@id\":\"https:\/\/www.softwareglimpse.com\/privacy-policy\/#breadcrumb\",\"itemListElement\":[{\"@type\":\"ListItem\",\"position\":1,\"name\":\"Home\",\"item\":\"https:\/\/www.softwareglimpse.com\/\"},{\"@type\":\"ListItem\",\"position\":2,\"name\":\"Privacy Policy\"}]},{\"@type\":\"WebSite\",\"@id\":\"https:\/\/www.softwareglimpse.com\/#website\",\"url\":\"https:\/\/www.softwareglimpse.com\/\",\"name\":\"softwareglimpse.com\",\"description\":\"Stay ahead of the game with our trusted software reviews.\",\"publisher\":{\"@id\":\"https:\/\/www.softwareglimpse.com\/#organization\"},\"potentialAction\":[{\"@type\":\"SearchAction\",\"target\":{\"@type\":\"EntryPoint\",\"urlTemplate\":\"https:\/\/www.softwareglimpse.com\/?s={search_term_string}\"},\"query-input\":\"required name=search_term_string\"}],\"inLanguage\":\"es\"},{\"@type\":\"Organization\",\"@id\":\"https:\/\/www.softwareglimpse.com\/#organization\",\"name\":\"Software Glimpse\",\"url\":\"https:\/\/www.softwareglimpse.com\/\",\"logo\":{\"@type\":\"ImageObject\",\"inLanguage\":\"es\",\"@id\":\"https:\/\/www.softwareglimpse.com\/#\/schema\/logo\/image\/\",\"url\":\"https:\/\/www.softwareglimpse.com\/wp-content\/uploads\/2023\/03\/cropped-Software-GLIMPSE-logo.png\",\"contentUrl\":\"https:\/\/www.softwareglimpse.com\/wp-content\/uploads\/2023\/03\/cropped-Software-GLIMPSE-logo.png\",\"width\":500,\"height\":200,\"caption\":\"Software Glimpse\"},\"image\":{\"@id\":\"https:\/\/www.softwareglimpse.com\/#\/schema\/logo\/image\/\"},\"sameAs\":[\"https:\/\/www.facebook.com\/softwareglimpse\",\"https:\/\/twitter.com\/softwareglimpse\"]}]}<\/script>\n<!-- \/ Yoast SEO plugin. -->","yoast_head_json":{"title":"Privacy Policy - softwareglimpse.com","description":"Looking for expert software reviews and guides? softwareglimpse.com has got you covered! Our latest Privacy Policy offers comprehensive insights and step-by-step tutorials on the latest software tools and technologies. Whether you're a beginner or an advanced user, our blog provides valuable tips and tricks to help you streamline your workflow and achieve better results. Check out our Privacy Policy now and take your skills to the next level!","robots":{"index":"index","follow":"follow","max-snippet":"max-snippet:-1","max-image-preview":"max-image-preview:large","max-video-preview":"max-video-preview:-1"},"canonical":"https:\/\/www.softwareglimpse.com\/es\/politica-de-privacidad\/","og_locale":"es_ES","og_type":"article","og_title":"Privacy Policy - softwareglimpse.com","og_description":"Looking for expert software reviews and guides? softwareglimpse.com has got you covered! Our latest Privacy Policy offers comprehensive insights and step-by-step tutorials on the latest software tools and technologies. Whether you're a beginner or an advanced user, our blog provides valuable tips and tricks to help you streamline your workflow and achieve better results. Check out our Privacy Policy now and take your skills to the next level!","og_url":"https:\/\/www.softwareglimpse.com\/es\/politica-de-privacidad\/","og_site_name":"softwareglimpse.com","article_publisher":"https:\/\/www.facebook.com\/softwareglimpse","article_modified_time":"2023-04-14T14:40:53+00:00","og_image":[{"width":1000,"height":1500,"url":"https:\/\/www.softwareglimpse.com\/wp-content\/uploads\/2022\/03\/mirasbek-nurseit-J0jP9kAOayw-unsplash.jpg","type":"image\/jpeg"}],"twitter_card":"summary_large_image","twitter_site":"@softwareglimpse","twitter_misc":{"Tiempo de lectura":"8 minutos"},"schema":{"@context":"https:\/\/schema.org","@graph":[{"@type":"WebPage","@id":"https:\/\/www.softwareglimpse.com\/privacy-policy\/","url":"https:\/\/www.softwareglimpse.com\/privacy-policy\/","name":"Privacy Policy - softwareglimpse.com","isPartOf":{"@id":"https:\/\/www.softwareglimpse.com\/#website"},"datePublished":"2023-03-22T06:47:50+00:00","dateModified":"2023-04-14T14:40:53+00:00","description":"Looking for expert software reviews and guides? softwareglimpse.com has got you covered! Our latest Privacy Policy offers comprehensive insights and step-by-step tutorials on the latest software tools and technologies. Whether you're a beginner or an advanced user, our blog provides valuable tips and tricks to help you streamline your workflow and achieve better results. Check out our Privacy Policy now and take your skills to the next level!","breadcrumb":{"@id":"https:\/\/www.softwareglimpse.com\/privacy-policy\/#breadcrumb"},"inLanguage":"es","potentialAction":[{"@type":"ReadAction","target":["https:\/\/www.softwareglimpse.com\/privacy-policy\/"]}]},{"@type":"BreadcrumbList","@id":"https:\/\/www.softwareglimpse.com\/privacy-policy\/#breadcrumb","itemListElement":[{"@type":"ListItem","position":1,"name":"Home","item":"https:\/\/www.softwareglimpse.com\/"},{"@type":"ListItem","position":2,"name":"Privacy Policy"}]},{"@type":"WebSite","@id":"https:\/\/www.softwareglimpse.com\/#website","url":"https:\/\/www.softwareglimpse.com\/","name":"softwareglimpse.com","description":"Stay ahead of the game with our trusted software reviews.","publisher":{"@id":"https:\/\/www.softwareglimpse.com\/#organization"},"potentialAction":[{"@type":"SearchAction","target":{"@type":"EntryPoint","urlTemplate":"https:\/\/www.softwareglimpse.com\/?s={search_term_string}"},"query-input":"required name=search_term_string"}],"inLanguage":"es"},{"@type":"Organization","@id":"https:\/\/www.softwareglimpse.com\/#organization","name":"Software Glimpse","url":"https:\/\/www.softwareglimpse.com\/","logo":{"@type":"ImageObject","inLanguage":"es","@id":"https:\/\/www.softwareglimpse.com\/#\/schema\/logo\/image\/","url":"https:\/\/www.softwareglimpse.com\/wp-content\/uploads\/2023\/03\/cropped-Software-GLIMPSE-logo.png","contentUrl":"https:\/\/www.softwareglimpse.com\/wp-content\/uploads\/2023\/03\/cropped-Software-GLIMPSE-logo.png","width":500,"height":200,"caption":"Software Glimpse"},"image":{"@id":"https:\/\/www.softwareglimpse.com\/#\/schema\/logo\/image\/"},"sameAs":["https:\/\/www.facebook.com\/softwareglimpse","https:\/\/twitter.com\/softwareglimpse"]}]}},"taxonomy_info":[],"featured_image_src_large":["https:\/\/www.softwareglimpse.com\/wp-content\/uploads\/2022\/03\/mirasbek-nurseit-J0jP9kAOayw-unsplash-683x1024.jpg",683,1024,true],"author_info":{"display_name":"Lee M","author_link":"https:\/\/www.softwareglimpse.com\/es\/author\/wpx_admin\/"},"comment_info":0,"_links":{"self":[{"href":"https:\/\/www.softwareglimpse.com\/es\/wp-json\/wp\/v2\/pages\/3","targetHints":{"allow":["GET"]}}],"collection":[{"href":"https:\/\/www.softwareglimpse.com\/es\/wp-json\/wp\/v2\/pages"}],"about":[{"href":"https:\/\/www.softwareglimpse.com\/es\/wp-json\/wp\/v2\/types\/page"}],"author":[{"embeddable":true,"href":"https:\/\/www.softwareglimpse.com\/es\/wp-json\/wp\/v2\/users\/1"}],"replies":[{"embeddable":true,"href":"https:\/\/www.softwareglimpse.com\/es\/wp-json\/wp\/v2\/comments?post=3"}],"version-history":[{"count":2,"href":"https:\/\/www.softwareglimpse.com\/es\/wp-json\/wp\/v2\/pages\/3\/revisions"}],"predecessor-version":[{"id":1356,"href":"https:\/\/www.softwareglimpse.com\/es\/wp-json\/wp\/v2\/pages\/3\/revisions\/1356"}],"wp:featuredmedia":[{"embeddable":true,"href":"https:\/\/www.softwareglimpse.com\/es\/wp-json\/wp\/v2\/media\/63"}],"wp:attachment":[{"href":"https:\/\/www.softwareglimpse.com\/es\/wp-json\/wp\/v2\/media?parent=3"}],"curies":[{"name":"wp","href":"https:\/\/api.w.org\/{rel}","templated":true}]}}