{"id":1270,"date":"2023-04-03T07:02:22","date_gmt":"2023-04-03T07:02:22","guid":{"rendered":"https:\/\/softwareglimpse.com\/?page_id=1270"},"modified":"2024-02-09T06:01:56","modified_gmt":"2024-02-09T06:01:56","slug":"guides","status":"publish","type":"page","link":"https:\/\/www.softwareglimpse.com\/es\/guias\/","title":{"rendered":"Gu\u00edas"},"content":{"rendered":"<h2 class=\"wp-block-heading\">C\u00f3mo gu\u00edas<\/h2>\n\n\n<style>.kt-post-loop1270_30cb50-7d .kadence-post-image{padding-top:0px;padding-right:30px;padding-bottom:10px;padding-left:0px;}.kt-post-loop1270_30cb50-7d .kt-post-grid-wrap{gap:30px 30px;}.kt-post-loop1270_30cb50-7d .kt-blocks-post-grid-item{border-top-left-radius:0px;border-top-right-radius:0px;border-bottom-right-radius:0px;border-bottom-left-radius:0px;border-top-color:currentColor;border-top-style:solid;border-right-color:currentColor;border-right-style:solid;border-bottom-color:currentColor;border-bottom-style:solid;border-left-color:currentColor;border-left-style:solid;overflow:hidden;}.kt-post-loop1270_30cb50-7d .kt-blocks-post-grid-item .kt-blocks-post-grid-item-inner{padding-top:0px;padding-right:0px;padding-bottom:0px;padding-left:0px;}.kt-post-loop1270_30cb50-7d .kt-blocks-post-grid-item header{padding-top:0px;padding-right:0px;padding-bottom:10px;padding-left:0px;margin-top:0px;margin-right:0px;margin-bottom:0px;margin-left:0px;}.kt-post-loop1270_30cb50-7d .kt-blocks-post-grid-item .kt-blocks-above-categories{font-size:13px;line-height:20px;text-transform:uppercase;}.kt-post-loop1270_30cb50-7d .kt-blocks-post-grid-item .entry-title{padding-top:5px;padding-right:0px;padding-bottom:0px;padding-left:0px;margin-top:0px;margin-right:0px;margin-bottom:0px;margin-left:0px;font-size:24px;line-height:30px;}.kt-post-loop1270_30cb50-7d .entry-content{padding-top:0px;padding-right:0px;padding-bottom:0px;padding-left:0px;margin-top:0px;margin-right:0px;margin-bottom:0px;margin-left:0px;font-size:18px;line-height:24px;}.kt-post-loop1270_30cb50-7d .kt-blocks-post-footer{border-top-width:0px;border-right-width:0px;border-bottom-width:0px;border-left-width:0px;padding-top:0px;padding-right:0px;padding-bottom:0px;padding-left:0px;margin-top:0px;margin-right:0px;margin-bottom:0px;margin-left:0px;font-size:12px;line-height:20px;text-transform:uppercase;}.kt-post-loop1270_30cb50-7d .entry-content:after{height:0px;}.kt-post-loop1270_30cb50-7d .kb-filter-item{border-top-width:0px;border-right-width:0px;border-bottom-width:2px;border-left-width:0px;padding-top:5px;padding-right:8px;padding-bottom:5px;padding-left:8px;margin-top:0px;margin-right:10px;margin-bottom:0px;margin-left:0px;}@media all and (max-width: 1024px){.kt-post-loop1270_30cb50-7d .kt-blocks-post-grid-item{border-top-color:currentColor;border-top-style:solid;border-right-color:currentColor;border-right-style:solid;border-bottom-color:currentColor;border-bottom-style:solid;border-left-color:currentColor;border-left-style:solid;}}@media all and (max-width: 767px){.kt-post-loop1270_30cb50-7d .kt-blocks-post-grid-item{border-top-color:currentColor;border-top-style:solid;border-right-color:currentColor;border-right-style:solid;border-bottom-color:currentColor;border-bottom-style:solid;border-left-color:currentColor;border-left-style:solid;}}<\/style><div class=\"wp-block-kadence-postgrid kt-blocks-post-loop-block alignnone kt-post-loop1270_30cb50-7d kt-post-grid-layout-grid\"><div class=\"kt-post-grid-layout-grid-wrap kt-post-grid-wrap\" data-columns-xxl=\"2\" data-columns-xl=\"2\" data-columns-md=\"2\" data-columns-sm=\"2\" data-columns-xs=\"1\" data-columns-ss=\"1\"data-item-selector=\".kt-post-masonry-item\"><article class=\"kt-blocks-post-grid-item post-1556 post type-post status-publish format-standard has-post-thumbnail hentry category-guides tag-ai-guide tag-ai-software\"><div class=\"kt-blocks-post-grid-item-inner-wrap kt-feat-image-align-Top kt-feat-image-mobile-align-top\"><div class=\"kadence-post-image\"><div class=\"kadence-post-image-intrisic kt-image-ratio-75\" style=\"padding-bottom:75%\"><div class=\"kadence-post-image-inner-intrisic\"><a href=\"https:\/\/www.softwareglimpse.com\/es\/guia-para-hacer-dinero-usando-ai\/\" class=\"kadence-post-image-inner-wrap\"><img loading=\"lazy\" decoding=\"async\" width=\"1024\" height=\"743\" src=\"https:\/\/www.softwareglimpse.com\/wp-content\/uploads\/2023\/04\/AI-Guide-to-make-money-1-1024x743.jpg\" class=\"attachment-large size-large wp-post-image\" alt=\"Gu\u00eda de IA para ganar dinero (1)\" srcset=\"https:\/\/www.softwareglimpse.com\/wp-content\/uploads\/2023\/04\/AI-Guide-to-make-money-1-1024x743.jpg 1024w, https:\/\/www.softwareglimpse.com\/wp-content\/uploads\/2023\/04\/AI-Guide-to-make-money-1-300x218.jpg 300w, https:\/\/www.softwareglimpse.com\/wp-content\/uploads\/2023\/04\/AI-Guide-to-make-money-1-768x557.jpg 768w, https:\/\/www.softwareglimpse.com\/wp-content\/uploads\/2023\/04\/AI-Guide-to-make-money-1-1536x1114.jpg 1536w, https:\/\/www.softwareglimpse.com\/wp-content\/uploads\/2023\/04\/AI-Guide-to-make-money-1.jpg 2000w\" sizes=\"auto, (max-width: 1024px) 100vw, 1024px\" \/><\/a><\/div><\/div><\/div><div class=\"kt-blocks-post-grid-item-inner\"><header><h3 class=\"entry-title\"><a href=\"https:\/\/www.softwareglimpse.com\/es\/guia-para-hacer-dinero-usando-ai\/\">IA con fines de lucro: una gu\u00eda f\u00e1cil para ganar dinero en l\u00ednea usando IA en 2023<\/a><\/h3><div class=\"kt-blocks-post-top-meta\"><div class=\"kt-blocks-date\"><time datetime=\"2023-04-24T06:13:45+00:00\" class=\"kt-blocks-post-date\">abril 24, 2023<\/time><\/div><\/div><\/header><div class=\"entry-content\">Aprenda 6 formas de elegir herramientas de inteligencia artificial para ganar dinero. \u00bfEst\u00e1s interesado en explorar nuevas formas...<\/div><footer class=\"kt-blocks-post-footer\"><div class=\"kt-blocks-post-footer-left\"><\/div><div class=\"kt-blocks-post-footer-right\"><\/div><\/footer><\/div><\/div><\/article><article class=\"kt-blocks-post-grid-item post-1481 post type-post status-publish format-standard has-post-thumbnail hentry category-guides\"><div class=\"kt-blocks-post-grid-item-inner-wrap kt-feat-image-align-Top kt-feat-image-mobile-align-top\"><div class=\"kadence-post-image\"><div class=\"kadence-post-image-intrisic kt-image-ratio-75\" style=\"padding-bottom:75%\"><div class=\"kadence-post-image-inner-intrisic\"><a href=\"https:\/\/www.softwareglimpse.com\/es\/zoho-one-sistema-operativo\/\" class=\"kadence-post-image-inner-wrap\"><img loading=\"lazy\" decoding=\"async\" width=\"1024\" height=\"743\" src=\"https:\/\/www.softwareglimpse.com\/wp-content\/uploads\/2023\/04\/zoho-one-overview-1-1024x743.jpg\" class=\"attachment-large size-large wp-post-image\" alt=\"\" srcset=\"https:\/\/www.softwareglimpse.com\/wp-content\/uploads\/2023\/04\/zoho-one-overview-1-1024x743.jpg 1024w, https:\/\/www.softwareglimpse.com\/wp-content\/uploads\/2023\/04\/zoho-one-overview-1-300x218.jpg 300w, https:\/\/www.softwareglimpse.com\/wp-content\/uploads\/2023\/04\/zoho-one-overview-1-768x557.jpg 768w, https:\/\/www.softwareglimpse.com\/wp-content\/uploads\/2023\/04\/zoho-one-overview-1-1536x1114.jpg 1536w, https:\/\/www.softwareglimpse.com\/wp-content\/uploads\/2023\/04\/zoho-one-overview-1.jpg 2000w\" sizes=\"auto, (max-width: 1024px) 100vw, 1024px\" \/><\/a><\/div><\/div><\/div><div class=\"kt-blocks-post-grid-item-inner\"><header><h3 class=\"entry-title\"><a href=\"https:\/\/www.softwareglimpse.com\/es\/zoho-one-sistema-operativo\/\">Libere el poder de su empresa con el sistema operativo Zoho One<\/a><\/h3><div class=\"kt-blocks-post-top-meta\"><div class=\"kt-blocks-date\"><time datetime=\"2023-04-20T20:14:32+00:00\" class=\"kt-blocks-post-date\">abril 20, 2023<\/time><\/div><\/div><\/header><div class=\"entry-content\">\u00bfSab\u00edas que las peque\u00f1as y medianas empresas dedican un promedio de 120 horas a la semana a tareas administrativas...<\/div><footer class=\"kt-blocks-post-footer\"><div class=\"kt-blocks-post-footer-left\"><\/div><div class=\"kt-blocks-post-footer-right\"><\/div><\/footer><\/div><\/div><\/article><article class=\"kt-blocks-post-grid-item post-1459 post type-post status-publish format-standard has-post-thumbnail hentry category-guides tag-ai-software tag-ai-writer\"><div class=\"kt-blocks-post-grid-item-inner-wrap kt-feat-image-align-Top kt-feat-image-mobile-align-top\"><div class=\"kadence-post-image\"><div class=\"kadence-post-image-intrisic kt-image-ratio-75\" style=\"padding-bottom:75%\"><div class=\"kadence-post-image-inner-intrisic\"><a href=\"https:\/\/www.softwareglimpse.com\/es\/how-to-choose-best-ai-writer\/\" class=\"kadence-post-image-inner-wrap\"><img loading=\"lazy\" decoding=\"async\" width=\"1024\" height=\"759\" src=\"https:\/\/www.softwareglimpse.com\/wp-content\/uploads\/2023\/04\/ai-writing-ultimate-guide_1-1024x759.jpg\" class=\"attachment-large size-large wp-post-image\" alt=\"Gu\u00eda definitiva para elegir el software de escritura de IA\" srcset=\"https:\/\/www.softwareglimpse.com\/wp-content\/uploads\/2023\/04\/ai-writing-ultimate-guide_1-1024x759.jpg 1024w, https:\/\/www.softwareglimpse.com\/wp-content\/uploads\/2023\/04\/ai-writing-ultimate-guide_1-300x222.jpg 300w, https:\/\/www.softwareglimpse.com\/wp-content\/uploads\/2023\/04\/ai-writing-ultimate-guide_1-768x569.jpg 768w, https:\/\/www.softwareglimpse.com\/wp-content\/uploads\/2023\/04\/ai-writing-ultimate-guide_1.jpg 1080w\" sizes=\"auto, (max-width: 1024px) 100vw, 1024px\" \/><\/a><\/div><\/div><\/div><div class=\"kt-blocks-post-grid-item-inner\"><header><h3 class=\"entry-title\"><a href=\"https:\/\/www.softwareglimpse.com\/es\/how-to-choose-best-ai-writer\/\">La gu\u00eda definitiva sobre c\u00f3mo elegir el mejor escritor de IA en 2023<\/a><\/h3><div class=\"kt-blocks-post-top-meta\"><div class=\"kt-blocks-date\"><time datetime=\"2023-04-20T05:28:46+00:00\" class=\"kt-blocks-post-date\">abril 20, 2023<\/time><\/div><\/div><\/header><div class=\"entry-content\">Aprenda a elegir el mejor escritor de IA en 10 sencillos pasos. \u00bfEst\u00e1s cansado de pasar horas\u2026<\/div><footer class=\"kt-blocks-post-footer\"><div class=\"kt-blocks-post-footer-left\"><\/div><div class=\"kt-blocks-post-footer-right\"><\/div><\/footer><\/div><\/div><\/article><article class=\"kt-blocks-post-grid-item post-1431 post type-post status-publish format-standard has-post-thumbnail hentry category-guides tag-how-to-guide tag-seo-software\"><div class=\"kt-blocks-post-grid-item-inner-wrap kt-feat-image-align-Top kt-feat-image-mobile-align-top\"><div class=\"kadence-post-image\"><div class=\"kadence-post-image-intrisic kt-image-ratio-75\" style=\"padding-bottom:75%\"><div class=\"kadence-post-image-inner-intrisic\"><a href=\"https:\/\/www.softwareglimpse.com\/es\/guide-choosing-best-seo-software\/\" class=\"kadence-post-image-inner-wrap\"><img loading=\"lazy\" decoding=\"async\" width=\"1024\" height=\"569\" src=\"https:\/\/www.softwareglimpse.com\/wp-content\/uploads\/2023\/04\/Ultimate-SEO-guide-1-1024x569.png\" class=\"attachment-large size-large wp-post-image\" alt=\"Gu\u00eda definitiva del software SEO\" srcset=\"https:\/\/www.softwareglimpse.com\/wp-content\/uploads\/2023\/04\/Ultimate-SEO-guide-1-1024x569.png 1024w, https:\/\/www.softwareglimpse.com\/wp-content\/uploads\/2023\/04\/Ultimate-SEO-guide-1-300x167.png 300w, https:\/\/www.softwareglimpse.com\/wp-content\/uploads\/2023\/04\/Ultimate-SEO-guide-1-768x427.png 768w, https:\/\/www.softwareglimpse.com\/wp-content\/uploads\/2023\/04\/Ultimate-SEO-guide-1.png 1080w\" sizes=\"auto, (max-width: 1024px) 100vw, 1024px\" \/><\/a><\/div><\/div><\/div><div class=\"kt-blocks-post-grid-item-inner\"><header><h3 class=\"entry-title\"><a href=\"https:\/\/www.softwareglimpse.com\/es\/guide-choosing-best-seo-software\/\">Libere su potencial de SEO: una gu\u00eda comprobada para elegir el mejor software de SEO para 2023<\/a><\/h3><div class=\"kt-blocks-post-top-meta\"><div class=\"kt-blocks-date\"><time datetime=\"2023-04-18T14:53:26+00:00\" class=\"kt-blocks-post-date\">abril 18, 2023<\/time><\/div><\/div><\/header><div class=\"entry-content\">Aprenda a elegir el software SEO en 10 sencillos pasos. As\u00ed que tienes un negocio y quieres...<\/div><footer class=\"kt-blocks-post-footer\"><div class=\"kt-blocks-post-footer-left\"><\/div><div class=\"kt-blocks-post-footer-right\"><\/div><\/footer><\/div><\/div><\/article><article class=\"kt-blocks-post-grid-item post-1053 post type-post status-publish format-standard has-post-thumbnail hentry category-guides tag-crm tag-how-to-guide\"><div class=\"kt-blocks-post-grid-item-inner-wrap kt-feat-image-align-Top kt-feat-image-mobile-align-top\"><div class=\"kadence-post-image\"><div class=\"kadence-post-image-intrisic kt-image-ratio-75\" style=\"padding-bottom:75%\"><div class=\"kadence-post-image-inner-intrisic\"><a href=\"https:\/\/www.softwareglimpse.com\/es\/crm-guide\/\" class=\"kadence-post-image-inner-wrap\"><img loading=\"lazy\" decoding=\"async\" width=\"600\" height=\"400\" src=\"https:\/\/www.softwareglimpse.com\/wp-content\/uploads\/2023\/03\/how-to-crm-2.png\" class=\"attachment-large size-large wp-post-image\" alt=\"como seleccionar un crm\" srcset=\"https:\/\/www.softwareglimpse.com\/wp-content\/uploads\/2023\/03\/how-to-crm-2.png 600w, https:\/\/www.softwareglimpse.com\/wp-content\/uploads\/2023\/03\/how-to-crm-2-300x200.png 300w\" sizes=\"auto, (max-width: 600px) 100vw, 600px\" \/><\/a><\/div><\/div><\/div><div class=\"kt-blocks-post-grid-item-inner\"><header><h3 class=\"entry-title\"><a href=\"https:\/\/www.softwareglimpse.com\/es\/crm-guide\/\">Una gu\u00eda paso a paso: c\u00f3mo elegir el CRM adecuado para su negocio en 2023<\/a><\/h3><div class=\"kt-blocks-post-top-meta\"><div class=\"kt-blocks-date\"><time datetime=\"2023-03-27T16:46:26+00:00\" class=\"kt-blocks-post-date\">marzo 27, 2023<\/time><\/div><\/div><\/header><div class=\"entry-content\">Aprende a elegir un CRM en 10 sencillos pasos. Con tantas soluciones CRM disponibles en el...<\/div><footer class=\"kt-blocks-post-footer\"><div class=\"kt-blocks-post-footer-left\"><\/div><div class=\"kt-blocks-post-footer-right\"><\/div><\/footer><\/div><\/div><\/article><\/div><\/div><!-- .wp-block-kadence-postgrid -->","protected":false},"excerpt":{"rendered":"<p>C\u00f3mo gu\u00edas<\/p>","protected":false},"author":1,"featured_media":60,"parent":0,"menu_order":0,"comment_status":"closed","ping_status":"closed","template":"","meta":{"_kad_blocks_custom_css":"","_kad_blocks_head_custom_js":"","_kad_blocks_body_custom_js":"","_kad_blocks_footer_custom_js":"","_monsterinsights_skip_tracking":false,"_monsterinsights_sitenote_active":false,"_monsterinsights_sitenote_note":"","_monsterinsights_sitenote_category":0,"_kad_post_transparent":"","_kad_post_title":"","_kad_post_layout":"","_kad_post_sidebar_id":"","_kad_post_content_style":"","_kad_post_vertical_padding":"","_kad_post_feature":"","_kad_post_feature_position":"","_kad_post_header":false,"_kad_post_footer":false,"footnotes":""},"class_list":["post-1270","page","type-page","status-publish","has-post-thumbnail","hentry"],"yoast_head":"<!-- This site is optimized with the Yoast SEO plugin v20.13 - https:\/\/yoast.com\/wordpress\/plugins\/seo\/ -->\n<title>Guides - softwareglimpse.com<\/title>\n<meta name=\"description\" content=\"Looking for the best software for your business? Look no further than our comprehensive guides! Our expert team has put together a range of resources to help you navigate the complex world of software selection, including tips, reviews, and comparisons. With our help, you&#039;ll be able to make an informed decision and choose the software that best fits your needs. Whether you&#039;re a small business owner or a seasoned IT professional, we&#039;ve got you covered. Start exploring our guides today!\" \/>\n<meta name=\"robots\" content=\"index, follow, max-snippet:-1, max-image-preview:large, max-video-preview:-1\" \/>\n<link rel=\"canonical\" href=\"https:\/\/www.softwareglimpse.com\/es\/guias\/\" \/>\n<meta property=\"og:locale\" content=\"es_ES\" \/>\n<meta property=\"og:type\" content=\"article\" \/>\n<meta property=\"og:title\" content=\"Guides - softwareglimpse.com\" \/>\n<meta property=\"og:description\" content=\"Looking for the best software for your business? Look no further than our comprehensive guides! Our expert team has put together a range of resources to help you navigate the complex world of software selection, including tips, reviews, and comparisons. With our help, you&#039;ll be able to make an informed decision and choose the software that best fits your needs. Whether you&#039;re a small business owner or a seasoned IT professional, we&#039;ve got you covered. Start exploring our guides today!\" \/>\n<meta property=\"og:url\" content=\"https:\/\/www.softwareglimpse.com\/es\/guias\/\" \/>\n<meta property=\"og:site_name\" content=\"softwareglimpse.com\" \/>\n<meta property=\"article:publisher\" content=\"https:\/\/www.facebook.com\/softwareglimpse\" \/>\n<meta property=\"article:modified_time\" content=\"2024-02-09T06:01:56+00:00\" \/>\n<meta property=\"og:image\" content=\"https:\/\/www.softwareglimpse.com\/wp-content\/uploads\/2022\/03\/matt-ragland-02z1I7gv4ao-unsplash.jpg\" \/>\n\t<meta property=\"og:image:width\" content=\"1920\" \/>\n\t<meta property=\"og:image:height\" content=\"1280\" \/>\n\t<meta property=\"og:image:type\" content=\"image\/jpeg\" \/>\n<meta name=\"twitter:card\" content=\"summary_large_image\" \/>\n<meta name=\"twitter:site\" content=\"@softwareglimpse\" \/>\n<meta name=\"twitter:label1\" content=\"Tiempo de lectura\" \/>\n\t<meta name=\"twitter:data1\" content=\"1 minuto\" \/>\n<script type=\"application\/ld+json\" class=\"yoast-schema-graph\">{\"@context\":\"https:\/\/schema.org\",\"@graph\":[{\"@type\":\"WebPage\",\"@id\":\"https:\/\/www.softwareglimpse.com\/guides\/\",\"url\":\"https:\/\/www.softwareglimpse.com\/guides\/\",\"name\":\"Guides - softwareglimpse.com\",\"isPartOf\":{\"@id\":\"https:\/\/www.softwareglimpse.com\/#website\"},\"datePublished\":\"2023-04-03T07:02:22+00:00\",\"dateModified\":\"2024-02-09T06:01:56+00:00\",\"description\":\"Looking for the best software for your business? Look no further than our comprehensive guides! Our expert team has put together a range of resources to help you navigate the complex world of software selection, including tips, reviews, and comparisons. With our help, you'll be able to make an informed decision and choose the software that best fits your needs. Whether you're a small business owner or a seasoned IT professional, we've got you covered. Start exploring our guides today!\",\"breadcrumb\":{\"@id\":\"https:\/\/www.softwareglimpse.com\/guides\/#breadcrumb\"},\"inLanguage\":\"es\",\"potentialAction\":[{\"@type\":\"ReadAction\",\"target\":[\"https:\/\/www.softwareglimpse.com\/guides\/\"]}]},{\"@type\":\"BreadcrumbList\",\"@id\":\"https:\/\/www.softwareglimpse.com\/guides\/#breadcrumb\",\"itemListElement\":[{\"@type\":\"ListItem\",\"position\":1,\"name\":\"Home\",\"item\":\"https:\/\/www.softwareglimpse.com\/\"},{\"@type\":\"ListItem\",\"position\":2,\"name\":\"Guides\"}]},{\"@type\":\"WebSite\",\"@id\":\"https:\/\/www.softwareglimpse.com\/#website\",\"url\":\"https:\/\/www.softwareglimpse.com\/\",\"name\":\"softwareglimpse.com\",\"description\":\"Stay ahead of the game with our trusted software reviews.\",\"publisher\":{\"@id\":\"https:\/\/www.softwareglimpse.com\/#organization\"},\"potentialAction\":[{\"@type\":\"SearchAction\",\"target\":{\"@type\":\"EntryPoint\",\"urlTemplate\":\"https:\/\/www.softwareglimpse.com\/?s={search_term_string}\"},\"query-input\":\"required name=search_term_string\"}],\"inLanguage\":\"es\"},{\"@type\":\"Organization\",\"@id\":\"https:\/\/www.softwareglimpse.com\/#organization\",\"name\":\"Software Glimpse\",\"url\":\"https:\/\/www.softwareglimpse.com\/\",\"logo\":{\"@type\":\"ImageObject\",\"inLanguage\":\"es\",\"@id\":\"https:\/\/www.softwareglimpse.com\/#\/schema\/logo\/image\/\",\"url\":\"https:\/\/www.softwareglimpse.com\/wp-content\/uploads\/2023\/03\/cropped-Software-GLIMPSE-logo.png\",\"contentUrl\":\"https:\/\/www.softwareglimpse.com\/wp-content\/uploads\/2023\/03\/cropped-Software-GLIMPSE-logo.png\",\"width\":500,\"height\":200,\"caption\":\"Software Glimpse\"},\"image\":{\"@id\":\"https:\/\/www.softwareglimpse.com\/#\/schema\/logo\/image\/\"},\"sameAs\":[\"https:\/\/www.facebook.com\/softwareglimpse\",\"https:\/\/twitter.com\/softwareglimpse\"]}]}<\/script>\n<!-- \/ Yoast SEO plugin. -->","yoast_head_json":{"title":"Guides - softwareglimpse.com","description":"Looking for the best software for your business? Look no further than our comprehensive guides! Our expert team has put together a range of resources to help you navigate the complex world of software selection, including tips, reviews, and comparisons. With our help, you'll be able to make an informed decision and choose the software that best fits your needs. Whether you're a small business owner or a seasoned IT professional, we've got you covered. Start exploring our guides today!","robots":{"index":"index","follow":"follow","max-snippet":"max-snippet:-1","max-image-preview":"max-image-preview:large","max-video-preview":"max-video-preview:-1"},"canonical":"https:\/\/www.softwareglimpse.com\/es\/guias\/","og_locale":"es_ES","og_type":"article","og_title":"Guides - softwareglimpse.com","og_description":"Looking for the best software for your business? Look no further than our comprehensive guides! Our expert team has put together a range of resources to help you navigate the complex world of software selection, including tips, reviews, and comparisons. With our help, you'll be able to make an informed decision and choose the software that best fits your needs. Whether you're a small business owner or a seasoned IT professional, we've got you covered. Start exploring our guides today!","og_url":"https:\/\/www.softwareglimpse.com\/es\/guias\/","og_site_name":"softwareglimpse.com","article_publisher":"https:\/\/www.facebook.com\/softwareglimpse","article_modified_time":"2024-02-09T06:01:56+00:00","og_image":[{"width":1920,"height":1280,"url":"https:\/\/www.softwareglimpse.com\/wp-content\/uploads\/2022\/03\/matt-ragland-02z1I7gv4ao-unsplash.jpg","type":"image\/jpeg"}],"twitter_card":"summary_large_image","twitter_site":"@softwareglimpse","twitter_misc":{"Tiempo de lectura":"1 minuto"},"schema":{"@context":"https:\/\/schema.org","@graph":[{"@type":"WebPage","@id":"https:\/\/www.softwareglimpse.com\/guides\/","url":"https:\/\/www.softwareglimpse.com\/guides\/","name":"Guides - softwareglimpse.com","isPartOf":{"@id":"https:\/\/www.softwareglimpse.com\/#website"},"datePublished":"2023-04-03T07:02:22+00:00","dateModified":"2024-02-09T06:01:56+00:00","description":"Looking for the best software for your business? Look no further than our comprehensive guides! Our expert team has put together a range of resources to help you navigate the complex world of software selection, including tips, reviews, and comparisons. With our help, you'll be able to make an informed decision and choose the software that best fits your needs. Whether you're a small business owner or a seasoned IT professional, we've got you covered. Start exploring our guides today!","breadcrumb":{"@id":"https:\/\/www.softwareglimpse.com\/guides\/#breadcrumb"},"inLanguage":"es","potentialAction":[{"@type":"ReadAction","target":["https:\/\/www.softwareglimpse.com\/guides\/"]}]},{"@type":"BreadcrumbList","@id":"https:\/\/www.softwareglimpse.com\/guides\/#breadcrumb","itemListElement":[{"@type":"ListItem","position":1,"name":"Home","item":"https:\/\/www.softwareglimpse.com\/"},{"@type":"ListItem","position":2,"name":"Guides"}]},{"@type":"WebSite","@id":"https:\/\/www.softwareglimpse.com\/#website","url":"https:\/\/www.softwareglimpse.com\/","name":"softwareglimpse.com","description":"Stay ahead of the game with our trusted software reviews.","publisher":{"@id":"https:\/\/www.softwareglimpse.com\/#organization"},"potentialAction":[{"@type":"SearchAction","target":{"@type":"EntryPoint","urlTemplate":"https:\/\/www.softwareglimpse.com\/?s={search_term_string}"},"query-input":"required name=search_term_string"}],"inLanguage":"es"},{"@type":"Organization","@id":"https:\/\/www.softwareglimpse.com\/#organization","name":"Software Glimpse","url":"https:\/\/www.softwareglimpse.com\/","logo":{"@type":"ImageObject","inLanguage":"es","@id":"https:\/\/www.softwareglimpse.com\/#\/schema\/logo\/image\/","url":"https:\/\/www.softwareglimpse.com\/wp-content\/uploads\/2023\/03\/cropped-Software-GLIMPSE-logo.png","contentUrl":"https:\/\/www.softwareglimpse.com\/wp-content\/uploads\/2023\/03\/cropped-Software-GLIMPSE-logo.png","width":500,"height":200,"caption":"Software Glimpse"},"image":{"@id":"https:\/\/www.softwareglimpse.com\/#\/schema\/logo\/image\/"},"sameAs":["https:\/\/www.facebook.com\/softwareglimpse","https:\/\/twitter.com\/softwareglimpse"]}]}},"taxonomy_info":[],"featured_image_src_large":["https:\/\/www.softwareglimpse.com\/wp-content\/uploads\/2022\/03\/matt-ragland-02z1I7gv4ao-unsplash-1024x683.jpg",1024,683,true],"author_info":{"display_name":"Lee M","author_link":"https:\/\/www.softwareglimpse.com\/es\/author\/wpx_admin\/"},"comment_info":0,"_links":{"self":[{"href":"https:\/\/www.softwareglimpse.com\/es\/wp-json\/wp\/v2\/pages\/1270","targetHints":{"allow":["GET"]}}],"collection":[{"href":"https:\/\/www.softwareglimpse.com\/es\/wp-json\/wp\/v2\/pages"}],"about":[{"href":"https:\/\/www.softwareglimpse.com\/es\/wp-json\/wp\/v2\/types\/page"}],"author":[{"embeddable":true,"href":"https:\/\/www.softwareglimpse.com\/es\/wp-json\/wp\/v2\/users\/1"}],"replies":[{"embeddable":true,"href":"https:\/\/www.softwareglimpse.com\/es\/wp-json\/wp\/v2\/comments?post=1270"}],"version-history":[{"count":2,"href":"https:\/\/www.softwareglimpse.com\/es\/wp-json\/wp\/v2\/pages\/1270\/revisions"}],"predecessor-version":[{"id":4075,"href":"https:\/\/www.softwareglimpse.com\/es\/wp-json\/wp\/v2\/pages\/1270\/revisions\/4075"}],"wp:featuredmedia":[{"embeddable":true,"href":"https:\/\/www.softwareglimpse.com\/es\/wp-json\/wp\/v2\/media\/60"}],"wp:attachment":[{"href":"https:\/\/www.softwareglimpse.com\/es\/wp-json\/wp\/v2\/media?parent=1270"}],"curies":[{"name":"wp","href":"https:\/\/api.w.org\/{rel}","templated":true}]}}