{"id":3,"date":"2023-03-22T06:47:50","date_gmt":"2023-03-22T06:47:50","guid":{"rendered":"https:\/\/softwareglimpse.com\/?page_id=3"},"modified":"2023-04-14T14:40:53","modified_gmt":"2023-04-14T14:40:53","slug":"privacy-policy","status":"publish","type":"page","link":"https:\/\/www.softwareglimpse.com\/de\/datenschutz-bestimmungen\/","title":{"rendered":"Datenschutz-Bestimmungen"},"content":{"rendered":"<h2 class=\"wp-block-heading\">Wer wir sind<\/h2>\n\n\n\n<p>Unsere Website-Adresse lautet: https:\/\/softwareglimpse.com.<\/p>\n\n\n\n<h2 class=\"wp-block-heading\">Kommentare<\/h2>\n\n\n\n<p>Wenn Besucher Kommentare auf der Website hinterlassen, erfassen wir die im Kommentarformular angezeigten Daten sowie die IP-Adresse des Besuchers und den User-Agent-String des Browsers, um die Spam-Erkennung zu unterst\u00fctzen.<\/p>\n\n\n\n<p>Eine aus Ihrer E-Mail-Adresse erstellte anonymisierte Zeichenfolge (auch Hash genannt) kann dem Gravatar-Dienst zur Verf\u00fcgung gestellt werden, um festzustellen, ob Sie ihn verwenden. Die Datenschutzrichtlinie des Gravatar-Dienstes finden Sie hier: https:\/\/automattic.com\/privacy\/. Nach Freigabe Ihres Kommentars ist Ihr Profilbild im Kontext Ihres Kommentars \u00f6ffentlich sichtbar.<\/p>\n\n\n\n<h2 class=\"wp-block-heading\">Medien<\/h2>\n\n\n\n<p>Wenn Sie Bilder auf die Website hochladen, sollten Sie das Hochladen von Bildern mit eingebetteten Standortdaten (EXIF GPS) vermeiden. Besucher der Website k\u00f6nnen beliebige Standortdaten aus Bildern auf der Website herunterladen und extrahieren.<\/p>\n\n\n\n<h2 class=\"wp-block-heading\">Kekse<\/h2>\n\n\n\n<p>Wenn Sie einen Kommentar auf unserer Website hinterlassen, k\u00f6nnen Sie der Speicherung Ihres Namens, Ihrer E-Mail-Adresse und Ihrer Website in Cookies zustimmen. Diese dienen Ihrer Bequemlichkeit, damit Sie Ihre Daten nicht erneut eingeben m\u00fcssen, wenn Sie einen weiteren Kommentar hinterlassen. Diese Cookies sind ein Jahr lang haltbar.<\/p>\n\n\n\n<p>Wenn Sie unsere Anmeldeseite besuchen, setzen wir ein tempor\u00e4res Cookie, um festzustellen, ob Ihr Browser Cookies akzeptiert. Dieses Cookie enth\u00e4lt keine personenbezogenen Daten und wird verworfen, wenn Sie Ihren Browser schlie\u00dfen.<\/p>\n\n\n\n<p>Wenn Sie sich anmelden, richten wir au\u00dferdem mehrere Cookies ein, um Ihre Anmeldeinformationen und Ihre Bildschirmanzeigeoptionen zu speichern. Anmelde-Cookies sind zwei Tage lang g\u00fcltig und Cookies f\u00fcr Bildschirmoptionen sind ein Jahr lang g\u00fcltig. Wenn Sie \u201eAngemeldet bleiben\u201c ausw\u00e4hlen, bleibt Ihr Login zwei Wochen lang bestehen. Wenn Sie sich von Ihrem Konto abmelden, werden die Anmeldecookies entfernt.<\/p>\n\n\n\n<p>Wenn Sie einen Artikel bearbeiten oder ver\u00f6ffentlichen, wird ein zus\u00e4tzlicher Cookie in Ihrem Browser gespeichert. Dieses Cookie enth\u00e4lt keine personenbezogenen Daten und gibt lediglich die Beitrags-ID des Artikels an, den Sie gerade bearbeitet haben. Es l\u00e4uft nach 1 Tag ab.<\/p>\n\n\n\n<h2 class=\"wp-block-heading\">Eingebettete Inhalte von anderen Websites<\/h2>\n\n\n\n<p>Artikel auf dieser Website k\u00f6nnen eingebettete Inhalte enthalten (z. B. Videos, Bilder, Artikel usw.). Eingebettete Inhalte von anderen Websites verhalten sich genauso, als ob der Besucher die andere Website besucht h\u00e4tte.<\/p>\n\n\n\n<p>Diese Websites k\u00f6nnen Daten \u00fcber Sie sammeln, Cookies verwenden, zus\u00e4tzliches Tracking von Drittanbietern einbetten und Ihre Interaktion mit diesem eingebetteten Inhalt \u00fcberwachen, einschlie\u00dflich der Verfolgung Ihrer Interaktion mit dem eingebetteten Inhalt, wenn Sie \u00fcber ein Konto verf\u00fcgen und auf dieser Website angemeldet sind.<\/p>\n\n\n\n<h2 class=\"wp-block-heading\">Mit wem wir Ihre Daten teilen<\/h2>\n\n\n\n<p>Wenn Sie eine Passwortzur\u00fccksetzung anfordern, wird Ihre IP-Adresse in die Zur\u00fccksetzungs-E-Mail aufgenommen.<\/p>\n\n\n\n<h2 class=\"wp-block-heading\">Wie lange wir Ihre Daten aufbewahren<\/h2>\n\n\n\n<p>Wenn Sie einen Kommentar hinterlassen, bleiben der Kommentar und seine Metadaten auf unbestimmte Zeit erhalten. Auf diese Weise k\u00f6nnen wir Folgekommentare automatisch erkennen und genehmigen, anstatt sie in einer Moderationswarteschlange festzuhalten.<\/p>\n\n\n\n<p>F\u00fcr Nutzer, die sich auf unserer Website registrieren (falls vorhanden), speichern wir auch die von ihnen angegebenen personenbezogenen Daten in ihrem Nutzerprofil. Alle Benutzer k\u00f6nnen ihre pers\u00f6nlichen Daten jederzeit einsehen, bearbeiten oder l\u00f6schen (au\u00dfer dass sie ihren Benutzernamen nicht \u00e4ndern k\u00f6nnen). Website-Administratoren k\u00f6nnen diese Informationen auch sehen und bearbeiten.<\/p>\n\n\n\n<h2 class=\"wp-block-heading\">Welche Rechte Sie an Ihren Daten haben<\/h2>\n\n\n\n<p>Wenn Sie ein Konto auf dieser Website haben oder Kommentare hinterlassen haben, k\u00f6nnen Sie den Erhalt einer exportierten Datei der personenbezogenen Daten anfordern, die wir \u00fcber Sie gespeichert haben, einschlie\u00dflich aller Daten, die Sie uns zur Verf\u00fcgung gestellt haben. Sie k\u00f6nnen auch verlangen, dass wir alle personenbezogenen Daten, die wir \u00fcber Sie gespeichert haben, l\u00f6schen. Hiervon ausgenommen sind Daten, zu deren Aufbewahrung wir aus administrativen, rechtlichen oder Sicherheitsgr\u00fcnden verpflichtet sind.<\/p>\n\n\n\n<h2 class=\"wp-block-heading\">Wohin Ihre Daten gesendet werden<\/h2>\n\n\n\n<p>Besucherkommentare k\u00f6nnen durch einen automatisierten Spam-Erkennungsdienst \u00fcberpr\u00fcft werden.<\/p>\n\n\n\n<h2 class=\"wp-block-heading\">Social-Media-Plugins<\/h2>\n\n\n\n<p><strong>Super Socializer \u2013 Soziales Login<\/strong><\/p>\n\n\n\n<p>Wir erfassen Ihre \u00f6ffentlichen Profildaten nur mit Ihrer Einwilligung, die Sie vor dem Einleiten des Social Logins von dem sozialen Netzwerk erteilen, \u00fcber das Sie sich auf unserer Website angemeldet haben. Zu diesen Daten geh\u00f6ren Ihr Vorname, Nachname, E-Mail-Adresse, ein Link zu Ihrem Social-Media-Profil, eine eindeutige Kennung und ein Link zum Avatar Ihres sozialen Profils. Diese Daten werden zur Erstellung Ihres Benutzerprofils auf unserer Website verwendet. Sie k\u00f6nnen diese Einwilligung jederzeit auf Ihrer Profilseite auf unserer Website oder per E-Mail an uns widerrufen.<\/p>\n\n\n\n<p><strong>Facebook-Kommentare<\/strong><\/p>\n\n\n\n<p>Wir betten das Facebook-Kommentar-Plugin ein, damit Sie \u00fcber Ihr Facebook-Konto Kommentare auf unserer Website hinterlassen k\u00f6nnen. Dieses Plugin kann Ihre IP-Adresse und den Benutzeragenten Ihres Webbrowsers erfassen, Cookies in Ihrem Browser speichern und abrufen, zus\u00e4tzliches Tracking einbetten und Ihre Interaktion mit der Kommentarschnittstelle \u00fcberwachen, einschlie\u00dflich der Korrelation Ihres Facebook-Kontos mit allen Aktionen, die Sie innerhalb der Schnittstelle durchf\u00fchren (z. B B. den Kommentar einer anderen Person \u201eliken\u201c, auf andere Kommentare antworten), wenn Sie bei Facebook angemeldet sind. Weitere Informationen zur Nutzung dieser Daten finden Sie in der Datenschutzerkl\u00e4rung von Facebook: https:\/\/www.facebook.com\/about\/privacy\/update<\/p>\n\n\n\n<p><strong>GooglePlus-Kommentare<\/strong><\/p>\n\n\n\n<p>Wir verwenden auf unserer Website das GooglePlus-Kommentar-Widget, damit Sie mit Ihrem GooglePlus-Konto auf unseren Webseiten Kommentare abgeben k\u00f6nnen. Aus dieser Interaktion erhebt und speichert Google automatisch bestimmte Informationen in Serverprotokollen wie IP-Adresse, Ger\u00e4teereignisinformationen wie Abst\u00fcrze, Systemaktivit\u00e4t, Hardwareeinstellungen, Browsertyp, Browsersprache sowie Datum und Uhrzeit Ihrer Anfrage im Einklang mit dem Datenschutz Richtlinie: https:\/\/policies.google.com\/privacy<\/p>\n\n\n\n<p><strong>Social Analytics zum Teilen\u00a0<\/strong><\/p>\n\n\n\n<p>Wir verwenden Google Analytics, um die auf unserer Website get\u00e4tigten Social Shares zu verfolgen. Google erfasst und speichert automatisch bestimmte Informationen in seinen Serverprotokollen, darunter Ger\u00e4teereignisinformationen wie Abst\u00fcrze, Systemaktivit\u00e4t, Hardwareeinstellungen, Browsertyp, Browsersprache, Datum und Uhrzeit Ihrer Anfrage und Verweis-URL sowie Cookies, die Ihren Browser eindeutig identifizieren k\u00f6nnen oder Ihr Google-Konto gem\u00e4\u00df deren Datenschutzbestimmungen: https:\/\/policies.google.com\/privacy<\/p>\n\n\n\n<p><strong>Offizielle Schaltfl\u00e4chen \u201eFacebook \u201eGef\u00e4llt mir\u201c, \u201eFacebook empfehlen\u201c und \u201eFacebook teilen\u201c.<\/strong><\/p>\n\n\n\n<figure class=\"wp-block-image\"><a href=\"https:\/\/support.heateor.com\/wp-content\/uploads\/2018\/05\/Facebook-Like.png\" target=\"_blank\"><img decoding=\"async\" src=\"https:\/\/support.heateor.com\/wp-content\/uploads\/2018\/05\/Facebook-Like.png\" alt=\"Gef\u00e4llt mir &quot;bei Facebook\" class=\"wp-image-842\"\/><\/a><\/figure>\n\n\n\n<p>Wir betten ein Facebook-Widget ein, damit Sie die Anzahl der Likes\/Shares\/Empfehlungen sehen und unsere Webseiten \u201eliken\/teilen\/empfehlen\u201c k\u00f6nnen. Dieses Widget kann Ihre IP-Adresse und den Benutzeragenten Ihres Webbrowsers erfassen, Cookies in Ihrem Browser speichern und abrufen, zus\u00e4tzliches Tracking einbetten und Ihre Interaktion mit dem Widget \u00fcberwachen, einschlie\u00dflich der Korrelation Ihres Facebook-Kontos mit allen Aktionen, die Sie innerhalb des Widgets durchf\u00fchren (z. B \u201eLiken\/Teilen\/Empfehlen\u201c unserer Webseite), sofern Sie bei Facebook eingeloggt sind. Weitere Informationen zur Nutzung dieser Daten finden Sie in der Datenschutzerkl\u00e4rung von Facebook: https:\/\/www.facebook.com\/about\/privacy\/update<\/p>\n\n\n\n<p><strong>Offizieller Twitter-Tweet-Button<\/strong><\/p>\n\n\n\n<figure class=\"wp-block-image\"><a href=\"https:\/\/support.heateor.com\/wp-content\/uploads\/2018\/05\/Twitter-Tweet.png\" target=\"_blank\"><img decoding=\"async\" src=\"https:\/\/support.heateor.com\/wp-content\/uploads\/2018\/05\/Twitter-Tweet.png\" alt=\"Twitter-Tweet\" class=\"wp-image-843\"\/><\/a><\/figure>\n\n\n\n<p>Wir verwenden auf unserer Website ein Twitter-Tweet-Widget. Infolgedessen stellt unsere Website Anfragen an die Server von Twitter, damit Sie \u00fcber Ihr Twitter-Konto \u00fcber unsere Webseiten twittern k\u00f6nnen. Durch diese Anfragen wird Ihre IP-Adresse f\u00fcr Twitter sichtbar, das diese gem\u00e4\u00df seiner Datenschutzrichtlinie verwenden darf: https:\/\/twitter.com\/en\/privacy#update<\/p>\n\n\n\n<p><strong>Offizielle Schaltfl\u00e4chen von GooglePlus und GooglePlus Share<\/strong><\/p>\n\n\n\n<figure class=\"wp-block-image\"><a href=\"https:\/\/support.heateor.com\/wp-content\/uploads\/2018\/05\/GooglePlus-Share.png\" target=\"_blank\"><img decoding=\"async\" src=\"https:\/\/support.heateor.com\/wp-content\/uploads\/2018\/05\/GooglePlus-Share.png\" alt=\"GooglePlus-Freigabe\" class=\"wp-image-844\"\/><\/a><\/figure>\n\n\n\n<p>Wir verwenden auf unserer Website ein GooglePlus-Widget. Infolgedessen stellt unsere Website Anfragen an die Server von Google, damit Sie unsere Webseiten \u00fcber Ihr GooglePlus-Konto teilen k\u00f6nnen. Durch diese Anfragen wird Ihre IP-Adresse f\u00fcr Google sichtbar, das sie gem\u00e4\u00df seiner Datenschutzrichtlinie verwenden kann: https:\/\/policies.google.com\/privacy<\/p>\n\n\n\n<p><strong>Linkedin Offizielle Schaltfl\u00e4che \u201eTeilen\u201c.<\/strong><\/p>\n\n\n\n<figure class=\"wp-block-image\"><a href=\"https:\/\/support.heateor.com\/wp-content\/uploads\/2018\/05\/Linkedin-Share.png\" target=\"_blank\"><img decoding=\"async\" src=\"https:\/\/support.heateor.com\/wp-content\/uploads\/2018\/05\/Linkedin-Share.png\" alt=\"Linkedin-Freigabe\" class=\"wp-image-845\"\/><\/a><\/figure>\n\n\n\n<p>Wir verwenden auf unserer Website ein Linkedin-Share-Widget, damit Sie unsere Webseiten auf Linkedin teilen k\u00f6nnen. Diese Anfragen k\u00f6nnen Ihre IP-Adresse gem\u00e4\u00df ihrer Datenschutzrichtlinie verfolgen: https:\/\/www.linkedin.com\/legal\/privacy-policy<\/p>\n\n\n\n<p><strong>Offizieller Pinterest-Button \u201eSpeichern\u201c.<\/strong><\/p>\n\n\n\n<figure class=\"wp-block-image\"><a href=\"https:\/\/support.heateor.com\/wp-content\/uploads\/2018\/05\/Pinterest-Save.png\" target=\"_blank\"><img decoding=\"async\" src=\"https:\/\/support.heateor.com\/wp-content\/uploads\/2018\/05\/Pinterest-Save.png\" alt=\"Pinterest Speichern\" class=\"wp-image-846\"\/><\/a><\/figure>\n\n\n\n<p>Wir verwenden das Pinterest-Speicher-Widget auf unserer Website, damit Sie Bilder von unseren Webseiten auf Pinterest anpinnen k\u00f6nnen. Diese Anfragen k\u00f6nnen Ihre IP-Adresse gem\u00e4\u00df ihrer Datenschutzrichtlinie verfolgen: https:\/\/policy.pinterest.com\/en\/privacy-policy<\/p>\n\n\n\n<p><strong>Offizieller Reddit Badge-Button<\/strong><\/p>\n\n\n\n<figure class=\"wp-block-image\"><a href=\"https:\/\/support.heateor.com\/wp-content\/uploads\/2018\/05\/Reddit-Badge.png\" target=\"_blank\"><img decoding=\"async\" src=\"https:\/\/support.heateor.com\/wp-content\/uploads\/2018\/05\/Reddit-Badge.png\" alt=\"Reddit-Abzeichen\" class=\"wp-image-849\"\/><\/a><\/figure>\n\n\n\n<p>Wir verwenden auf unserer Website das Reddit Badge-Widget, das m\u00f6glicherweise Informationen protokolliert, wenn Sie mit dem Widget interagieren. Dazu k\u00f6nnen Ihre IP-Adresse, User-Agent-String, Browsertyp, Betriebssystem, Verweis-URLs, Ger\u00e4teinformationen (z. B. Ger\u00e4te-IDs), besuchte Seiten, angeklickte Links, Benutzerinteraktionen (z. B. Abstimmungsdaten), die angeforderte URL und Hardware geh\u00f6ren Einstellungen gem\u00e4\u00df ihrer Datenschutzrichtlinie: https:\/\/www.redditinc.com\/policies\/privacy-policy<\/p>\n\n\n\n<p><strong>Offizieller StumbleUpon Badge-Button<\/strong><\/p>\n\n\n\n<figure class=\"wp-block-image\"><a href=\"https:\/\/support.heateor.com\/wp-content\/uploads\/2018\/05\/StumbleUpon.png\" target=\"_blank\"><img decoding=\"async\" src=\"https:\/\/support.heateor.com\/wp-content\/uploads\/2018\/05\/StumbleUpon.png\" alt=\"StumbleUpon\" class=\"wp-image-850\"\/><\/a><\/figure>\n\n\n\n<p>Wir verwenden auf unserer Website das StumbleUpon Badge-Widget, das m\u00f6glicherweise Informationen protokolliert, wenn Sie mit dem Widget interagieren. Protokolldaten sind gem\u00e4\u00df der Datenschutzrichtlinie eine Form nicht identifizierender Informationen: http:\/\/www.stumbleupon.com\/privacy<\/p>","protected":false},"excerpt":{"rendered":"<p>Who we are Our website address is: https:\/\/softwareglimpse.com. Comments When visitors leave comments on the site we collect the data shown in the comments form, and also the visitor\u2019s IP address and browser user agent string to help spam detection. An anonymized string created from your email address (also called a hash) may be provided&#8230;<\/p>","protected":false},"author":1,"featured_media":63,"parent":0,"menu_order":0,"comment_status":"closed","ping_status":"open","template":"","meta":{"_kad_blocks_custom_css":"","_kad_blocks_head_custom_js":"","_kad_blocks_body_custom_js":"","_kad_blocks_footer_custom_js":"","_monsterinsights_skip_tracking":false,"_monsterinsights_sitenote_active":false,"_monsterinsights_sitenote_note":"","_monsterinsights_sitenote_category":0,"_kad_post_transparent":"","_kad_post_title":"","_kad_post_layout":"","_kad_post_sidebar_id":"","_kad_post_content_style":"","_kad_post_vertical_padding":"","_kad_post_feature":"","_kad_post_feature_position":"","_kad_post_header":false,"_kad_post_footer":false,"footnotes":""},"class_list":["post-3","page","type-page","status-publish","has-post-thumbnail","hentry"],"yoast_head":"<!-- This site is optimized with the Yoast SEO plugin v20.13 - https:\/\/yoast.com\/wordpress\/plugins\/seo\/ -->\n<title>Privacy Policy - softwareglimpse.com<\/title>\n<meta name=\"description\" content=\"Looking for expert software reviews and guides? softwareglimpse.com has got you covered! Our latest Privacy Policy offers comprehensive insights and step-by-step tutorials on the latest software tools and technologies. Whether you&#039;re a beginner or an advanced user, our blog provides valuable tips and tricks to help you streamline your workflow and achieve better results. Check out our Privacy Policy now and take your skills to the next level!\" \/>\n<meta name=\"robots\" content=\"index, follow, max-snippet:-1, max-image-preview:large, max-video-preview:-1\" \/>\n<link rel=\"canonical\" href=\"https:\/\/www.softwareglimpse.com\/de\/datenschutz-bestimmungen\/\" \/>\n<meta property=\"og:locale\" content=\"de_DE\" \/>\n<meta property=\"og:type\" content=\"article\" \/>\n<meta property=\"og:title\" content=\"Privacy Policy - softwareglimpse.com\" \/>\n<meta property=\"og:description\" content=\"Looking for expert software reviews and guides? softwareglimpse.com has got you covered! Our latest Privacy Policy offers comprehensive insights and step-by-step tutorials on the latest software tools and technologies. Whether you&#039;re a beginner or an advanced user, our blog provides valuable tips and tricks to help you streamline your workflow and achieve better results. Check out our Privacy Policy now and take your skills to the next level!\" \/>\n<meta property=\"og:url\" content=\"https:\/\/www.softwareglimpse.com\/de\/datenschutz-bestimmungen\/\" \/>\n<meta property=\"og:site_name\" content=\"softwareglimpse.com\" \/>\n<meta property=\"article:publisher\" content=\"https:\/\/www.facebook.com\/softwareglimpse\" \/>\n<meta property=\"article:modified_time\" content=\"2023-04-14T14:40:53+00:00\" \/>\n<meta property=\"og:image\" content=\"https:\/\/www.softwareglimpse.com\/wp-content\/uploads\/2022\/03\/mirasbek-nurseit-J0jP9kAOayw-unsplash.jpg\" \/>\n\t<meta property=\"og:image:width\" content=\"1000\" \/>\n\t<meta property=\"og:image:height\" content=\"1500\" \/>\n\t<meta property=\"og:image:type\" content=\"image\/jpeg\" \/>\n<meta name=\"twitter:card\" content=\"summary_large_image\" \/>\n<meta name=\"twitter:site\" content=\"@softwareglimpse\" \/>\n<meta name=\"twitter:label1\" content=\"Gesch\u00e4tzte Lesezeit\" \/>\n\t<meta name=\"twitter:data1\" content=\"8\u00a0Minuten\" \/>\n<script type=\"application\/ld+json\" class=\"yoast-schema-graph\">{\"@context\":\"https:\/\/schema.org\",\"@graph\":[{\"@type\":\"WebPage\",\"@id\":\"https:\/\/www.softwareglimpse.com\/privacy-policy\/\",\"url\":\"https:\/\/www.softwareglimpse.com\/privacy-policy\/\",\"name\":\"Privacy Policy - softwareglimpse.com\",\"isPartOf\":{\"@id\":\"https:\/\/www.softwareglimpse.com\/#website\"},\"datePublished\":\"2023-03-22T06:47:50+00:00\",\"dateModified\":\"2023-04-14T14:40:53+00:00\",\"description\":\"Looking for expert software reviews and guides? softwareglimpse.com has got you covered! Our latest Privacy Policy offers comprehensive insights and step-by-step tutorials on the latest software tools and technologies. Whether you're a beginner or an advanced user, our blog provides valuable tips and tricks to help you streamline your workflow and achieve better results. Check out our Privacy Policy now and take your skills to the next level!\",\"breadcrumb\":{\"@id\":\"https:\/\/www.softwareglimpse.com\/privacy-policy\/#breadcrumb\"},\"inLanguage\":\"de\",\"potentialAction\":[{\"@type\":\"ReadAction\",\"target\":[\"https:\/\/www.softwareglimpse.com\/privacy-policy\/\"]}]},{\"@type\":\"BreadcrumbList\",\"@id\":\"https:\/\/www.softwareglimpse.com\/privacy-policy\/#breadcrumb\",\"itemListElement\":[{\"@type\":\"ListItem\",\"position\":1,\"name\":\"Home\",\"item\":\"https:\/\/www.softwareglimpse.com\/\"},{\"@type\":\"ListItem\",\"position\":2,\"name\":\"Privacy Policy\"}]},{\"@type\":\"WebSite\",\"@id\":\"https:\/\/www.softwareglimpse.com\/#website\",\"url\":\"https:\/\/www.softwareglimpse.com\/\",\"name\":\"softwareglimpse.com\",\"description\":\"Stay ahead of the game with our trusted software reviews.\",\"publisher\":{\"@id\":\"https:\/\/www.softwareglimpse.com\/#organization\"},\"potentialAction\":[{\"@type\":\"SearchAction\",\"target\":{\"@type\":\"EntryPoint\",\"urlTemplate\":\"https:\/\/www.softwareglimpse.com\/?s={search_term_string}\"},\"query-input\":\"required name=search_term_string\"}],\"inLanguage\":\"de\"},{\"@type\":\"Organization\",\"@id\":\"https:\/\/www.softwareglimpse.com\/#organization\",\"name\":\"Software Glimpse\",\"url\":\"https:\/\/www.softwareglimpse.com\/\",\"logo\":{\"@type\":\"ImageObject\",\"inLanguage\":\"de\",\"@id\":\"https:\/\/www.softwareglimpse.com\/#\/schema\/logo\/image\/\",\"url\":\"https:\/\/www.softwareglimpse.com\/wp-content\/uploads\/2023\/03\/cropped-Software-GLIMPSE-logo.png\",\"contentUrl\":\"https:\/\/www.softwareglimpse.com\/wp-content\/uploads\/2023\/03\/cropped-Software-GLIMPSE-logo.png\",\"width\":500,\"height\":200,\"caption\":\"Software Glimpse\"},\"image\":{\"@id\":\"https:\/\/www.softwareglimpse.com\/#\/schema\/logo\/image\/\"},\"sameAs\":[\"https:\/\/www.facebook.com\/softwareglimpse\",\"https:\/\/twitter.com\/softwareglimpse\"]}]}<\/script>\n<!-- \/ Yoast SEO plugin. -->","yoast_head_json":{"title":"Privacy Policy - softwareglimpse.com","description":"Looking for expert software reviews and guides? softwareglimpse.com has got you covered! Our latest Privacy Policy offers comprehensive insights and step-by-step tutorials on the latest software tools and technologies. Whether you're a beginner or an advanced user, our blog provides valuable tips and tricks to help you streamline your workflow and achieve better results. Check out our Privacy Policy now and take your skills to the next level!","robots":{"index":"index","follow":"follow","max-snippet":"max-snippet:-1","max-image-preview":"max-image-preview:large","max-video-preview":"max-video-preview:-1"},"canonical":"https:\/\/www.softwareglimpse.com\/de\/datenschutz-bestimmungen\/","og_locale":"de_DE","og_type":"article","og_title":"Privacy Policy - softwareglimpse.com","og_description":"Looking for expert software reviews and guides? softwareglimpse.com has got you covered! Our latest Privacy Policy offers comprehensive insights and step-by-step tutorials on the latest software tools and technologies. Whether you're a beginner or an advanced user, our blog provides valuable tips and tricks to help you streamline your workflow and achieve better results. Check out our Privacy Policy now and take your skills to the next level!","og_url":"https:\/\/www.softwareglimpse.com\/de\/datenschutz-bestimmungen\/","og_site_name":"softwareglimpse.com","article_publisher":"https:\/\/www.facebook.com\/softwareglimpse","article_modified_time":"2023-04-14T14:40:53+00:00","og_image":[{"width":1000,"height":1500,"url":"https:\/\/www.softwareglimpse.com\/wp-content\/uploads\/2022\/03\/mirasbek-nurseit-J0jP9kAOayw-unsplash.jpg","type":"image\/jpeg"}],"twitter_card":"summary_large_image","twitter_site":"@softwareglimpse","twitter_misc":{"Gesch\u00e4tzte Lesezeit":"8\u00a0Minuten"},"schema":{"@context":"https:\/\/schema.org","@graph":[{"@type":"WebPage","@id":"https:\/\/www.softwareglimpse.com\/privacy-policy\/","url":"https:\/\/www.softwareglimpse.com\/privacy-policy\/","name":"Privacy Policy - softwareglimpse.com","isPartOf":{"@id":"https:\/\/www.softwareglimpse.com\/#website"},"datePublished":"2023-03-22T06:47:50+00:00","dateModified":"2023-04-14T14:40:53+00:00","description":"Looking for expert software reviews and guides? softwareglimpse.com has got you covered! Our latest Privacy Policy offers comprehensive insights and step-by-step tutorials on the latest software tools and technologies. Whether you're a beginner or an advanced user, our blog provides valuable tips and tricks to help you streamline your workflow and achieve better results. Check out our Privacy Policy now and take your skills to the next level!","breadcrumb":{"@id":"https:\/\/www.softwareglimpse.com\/privacy-policy\/#breadcrumb"},"inLanguage":"de","potentialAction":[{"@type":"ReadAction","target":["https:\/\/www.softwareglimpse.com\/privacy-policy\/"]}]},{"@type":"BreadcrumbList","@id":"https:\/\/www.softwareglimpse.com\/privacy-policy\/#breadcrumb","itemListElement":[{"@type":"ListItem","position":1,"name":"Home","item":"https:\/\/www.softwareglimpse.com\/"},{"@type":"ListItem","position":2,"name":"Privacy Policy"}]},{"@type":"WebSite","@id":"https:\/\/www.softwareglimpse.com\/#website","url":"https:\/\/www.softwareglimpse.com\/","name":"softwareglimpse.com","description":"Stay ahead of the game with our trusted software reviews.","publisher":{"@id":"https:\/\/www.softwareglimpse.com\/#organization"},"potentialAction":[{"@type":"SearchAction","target":{"@type":"EntryPoint","urlTemplate":"https:\/\/www.softwareglimpse.com\/?s={search_term_string}"},"query-input":"required name=search_term_string"}],"inLanguage":"de"},{"@type":"Organization","@id":"https:\/\/www.softwareglimpse.com\/#organization","name":"Software Glimpse","url":"https:\/\/www.softwareglimpse.com\/","logo":{"@type":"ImageObject","inLanguage":"de","@id":"https:\/\/www.softwareglimpse.com\/#\/schema\/logo\/image\/","url":"https:\/\/www.softwareglimpse.com\/wp-content\/uploads\/2023\/03\/cropped-Software-GLIMPSE-logo.png","contentUrl":"https:\/\/www.softwareglimpse.com\/wp-content\/uploads\/2023\/03\/cropped-Software-GLIMPSE-logo.png","width":500,"height":200,"caption":"Software Glimpse"},"image":{"@id":"https:\/\/www.softwareglimpse.com\/#\/schema\/logo\/image\/"},"sameAs":["https:\/\/www.facebook.com\/softwareglimpse","https:\/\/twitter.com\/softwareglimpse"]}]}},"taxonomy_info":[],"featured_image_src_large":["https:\/\/www.softwareglimpse.com\/wp-content\/uploads\/2022\/03\/mirasbek-nurseit-J0jP9kAOayw-unsplash-683x1024.jpg",683,1024,true],"author_info":{"display_name":"Lee M","author_link":"https:\/\/www.softwareglimpse.com\/de\/author\/wpx_admin\/"},"comment_info":0,"_links":{"self":[{"href":"https:\/\/www.softwareglimpse.com\/de\/wp-json\/wp\/v2\/pages\/3","targetHints":{"allow":["GET"]}}],"collection":[{"href":"https:\/\/www.softwareglimpse.com\/de\/wp-json\/wp\/v2\/pages"}],"about":[{"href":"https:\/\/www.softwareglimpse.com\/de\/wp-json\/wp\/v2\/types\/page"}],"author":[{"embeddable":true,"href":"https:\/\/www.softwareglimpse.com\/de\/wp-json\/wp\/v2\/users\/1"}],"replies":[{"embeddable":true,"href":"https:\/\/www.softwareglimpse.com\/de\/wp-json\/wp\/v2\/comments?post=3"}],"version-history":[{"count":2,"href":"https:\/\/www.softwareglimpse.com\/de\/wp-json\/wp\/v2\/pages\/3\/revisions"}],"predecessor-version":[{"id":1356,"href":"https:\/\/www.softwareglimpse.com\/de\/wp-json\/wp\/v2\/pages\/3\/revisions\/1356"}],"wp:featuredmedia":[{"embeddable":true,"href":"https:\/\/www.softwareglimpse.com\/de\/wp-json\/wp\/v2\/media\/63"}],"wp:attachment":[{"href":"https:\/\/www.softwareglimpse.com\/de\/wp-json\/wp\/v2\/media?parent=3"}],"curies":[{"name":"wp","href":"https:\/\/api.w.org\/{rel}","templated":true}]}}