{"id":1352,"date":"2023-04-14T14:32:00","date_gmt":"2023-04-14T14:32:00","guid":{"rendered":"https:\/\/www.softwareglimpse.com\/?page_id=1352"},"modified":"2023-04-14T14:32:52","modified_gmt":"2023-04-14T14:32:52","slug":"terms-and-conditions","status":"publish","type":"page","link":"https:\/\/www.softwareglimpse.com\/de\/geschaftsbedingungen\/","title":{"rendered":"Gesch\u00e4ftsbedingungen"},"content":{"rendered":"<p>Willkommen auf unserer Webseite. Wenn Sie diese Website weiterhin durchsuchen und nutzen, erkl\u00e4ren Sie sich damit einverstanden, die folgenden Nutzungsbedingungen einzuhalten und an sie gebunden zu sein, die zusammen mit unserer Datenschutzrichtlinie die Beziehung von softwareglimpse.com zu Ihnen in Bezug auf diese Website regeln. Wenn Sie mit irgendeinem Teil dieser Allgemeinen Gesch\u00e4ftsbedingungen nicht einverstanden sind, nutzen Sie unsere Website bitte nicht.<\/p>\n\n\n\n<p>Die Begriffe \u201esoftwareglimpse.com\u201c oder \u201euns\u201c oder \u201ewir\u201c beziehen sich auf den\/die Eigent\u00fcmer der Website. F\u00fcr die Nutzung dieser Website gelten die folgenden Nutzungsbedingungen:<\/p>\n\n\n\n<p>Der Inhalt der Seiten dieser Website dient ausschlie\u00dflich Ihrer allgemeinen Information und Nutzung. \u00c4nderungen ohne Vorank\u00fcndigung vorbehalten.<\/p>\n\n\n\n<p>Weder wir noch Dritte geben eine Gew\u00e4hrleistung oder Garantie hinsichtlich der Genauigkeit, Aktualit\u00e4t, Leistung, Vollst\u00e4ndigkeit oder Eignung der auf dieser Website gefundenen oder angebotenen Informationen und Materialien f\u00fcr einen bestimmten Zweck. Sie erkennen an, dass solche Informationen und Materialien Ungenauigkeiten oder Fehler enthalten k\u00f6nnen, und wir schlie\u00dfen die Haftung f\u00fcr solche Ungenauigkeiten oder Fehler im gr\u00f6\u00dftm\u00f6glichen gesetzlich zul\u00e4ssigen Umfang ausdr\u00fccklich aus.<\/p>\n\n\n\n<p>Die Nutzung aller Informationen oder Materialien auf dieser Website erfolgt ausschlie\u00dflich auf Ihr eigenes Risiko, f\u00fcr das wir keine Haftung \u00fcbernehmen. Es liegt in Ihrer eigenen Verantwortung sicherzustellen, dass alle \u00fcber diese Website verf\u00fcgbaren Produkte, Dienstleistungen oder Informationen Ihren spezifischen Anforderungen entsprechen.<\/p>\n\n\n\n<p>Diese Website enth\u00e4lt Material, das unser Eigentum ist oder f\u00fcr das wir eine Lizenz erhalten haben. Dieses Material umfasst unter anderem Design, Layout, Aussehen, Erscheinungsbild und Grafiken. Eine Vervielf\u00e4ltigung ist nur in \u00dcbereinstimmung mit dem Urheberrechtsvermerk, der Teil dieser Allgemeinen Gesch\u00e4ftsbedingungen ist, verboten.<\/p>\n\n\n\n<p>Alle auf dieser Website wiedergegebenen Markenzeichen, die nicht Eigentum des Betreibers sind oder von ihm lizenziert wurden, werden auf der Website anerkannt. Die unbefugte Nutzung dieser Website kann zu Schadensersatzanspr\u00fcchen f\u00fchren und\/oder eine Straftat darstellen.<\/p>\n\n\n\n<p>Von Zeit zu Zeit kann diese Website auch Links zu anderen Websites enthalten. Diese Links werden zu Ihrer Bequemlichkeit bereitgestellt, um weitere Informationen bereitzustellen. Sie bedeuten nicht, dass wir die Website(s) unterst\u00fctzen. Wir \u00fcbernehmen keine Verantwortung f\u00fcr den Inhalt der verlinkten Website(s).<\/p>\n\n\n\n<p>softwareglimpse.com beh\u00e4lt sich das Recht vor, ohne vorherige Ank\u00fcndigung \u00c4nderungen an der Website oder Materialien im Zusammenhang mit der Website vorzunehmen.<\/p>","protected":false},"excerpt":{"rendered":"<p>Welcome to our website. If you continue to browse and use this website, you are agreeing to comply with and be bound by the following terms and conditions of use, which, together with our privacy policy, govern softwareglimpse.com\u2019s relationship with you in relation to this website. If you disagree with any part of these terms&#8230;<\/p>","protected":false},"author":1,"featured_media":58,"parent":0,"menu_order":0,"comment_status":"closed","ping_status":"closed","template":"","meta":{"_kad_blocks_custom_css":"","_kad_blocks_head_custom_js":"","_kad_blocks_body_custom_js":"","_kad_blocks_footer_custom_js":"","_monsterinsights_skip_tracking":false,"_monsterinsights_sitenote_active":false,"_monsterinsights_sitenote_note":"","_monsterinsights_sitenote_category":0,"_kad_post_transparent":"","_kad_post_title":"","_kad_post_layout":"","_kad_post_sidebar_id":"","_kad_post_content_style":"","_kad_post_vertical_padding":"","_kad_post_feature":"","_kad_post_feature_position":"","_kad_post_header":false,"_kad_post_footer":false,"footnotes":""},"class_list":["post-1352","page","type-page","status-publish","has-post-thumbnail","hentry"],"yoast_head":"<!-- This site is optimized with the Yoast SEO plugin v20.13 - https:\/\/yoast.com\/wordpress\/plugins\/seo\/ -->\n<title>Terms and Conditions - softwareglimpse.com<\/title>\n<meta name=\"description\" content=\"Looking for expert software reviews and guides? softwareglimpse.com has got you covered! Our latest Terms and Conditions offers comprehensive insights and step-by-step tutorials on the latest software tools and technologies. Whether you&#039;re a beginner or an advanced user, our blog provides valuable tips and tricks to help you streamline your workflow and achieve better results. Check out our Terms and Conditions now and take your skills to the next level!\" \/>\n<meta name=\"robots\" content=\"index, follow, max-snippet:-1, max-image-preview:large, max-video-preview:-1\" \/>\n<link rel=\"canonical\" href=\"https:\/\/www.softwareglimpse.com\/de\/geschaftsbedingungen\/\" \/>\n<meta property=\"og:locale\" content=\"de_DE\" \/>\n<meta property=\"og:type\" content=\"article\" \/>\n<meta property=\"og:title\" content=\"Terms and Conditions - softwareglimpse.com\" \/>\n<meta property=\"og:description\" content=\"Looking for expert software reviews and guides? softwareglimpse.com has got you covered! Our latest Terms and Conditions offers comprehensive insights and step-by-step tutorials on the latest software tools and technologies. Whether you&#039;re a beginner or an advanced user, our blog provides valuable tips and tricks to help you streamline your workflow and achieve better results. Check out our Terms and Conditions now and take your skills to the next level!\" \/>\n<meta property=\"og:url\" content=\"https:\/\/www.softwareglimpse.com\/de\/geschaftsbedingungen\/\" \/>\n<meta property=\"og:site_name\" content=\"softwareglimpse.com\" \/>\n<meta property=\"article:publisher\" content=\"https:\/\/www.facebook.com\/softwareglimpse\" \/>\n<meta property=\"article:modified_time\" content=\"2023-04-14T14:32:52+00:00\" \/>\n<meta property=\"og:image\" content=\"https:\/\/www.softwareglimpse.com\/wp-content\/uploads\/2022\/03\/dylan-ferreira-TT5HB9mF07U-unsplash.jpg\" \/>\n\t<meta property=\"og:image:width\" content=\"1920\" \/>\n\t<meta property=\"og:image:height\" content=\"1280\" \/>\n\t<meta property=\"og:image:type\" content=\"image\/jpeg\" \/>\n<meta name=\"twitter:card\" content=\"summary_large_image\" \/>\n<meta name=\"twitter:site\" content=\"@softwareglimpse\" \/>\n<meta name=\"twitter:label1\" content=\"Gesch\u00e4tzte Lesezeit\" \/>\n\t<meta name=\"twitter:data1\" content=\"2\u00a0Minuten\" \/>\n<script type=\"application\/ld+json\" class=\"yoast-schema-graph\">{\"@context\":\"https:\/\/schema.org\",\"@graph\":[{\"@type\":\"WebPage\",\"@id\":\"https:\/\/www.softwareglimpse.com\/terms-and-conditions\/\",\"url\":\"https:\/\/www.softwareglimpse.com\/terms-and-conditions\/\",\"name\":\"Terms and Conditions - softwareglimpse.com\",\"isPartOf\":{\"@id\":\"https:\/\/www.softwareglimpse.com\/#website\"},\"datePublished\":\"2023-04-14T14:32:00+00:00\",\"dateModified\":\"2023-04-14T14:32:52+00:00\",\"description\":\"Looking for expert software reviews and guides? softwareglimpse.com has got you covered! Our latest Terms and Conditions offers comprehensive insights and step-by-step tutorials on the latest software tools and technologies. Whether you're a beginner or an advanced user, our blog provides valuable tips and tricks to help you streamline your workflow and achieve better results. Check out our Terms and Conditions now and take your skills to the next level!\",\"breadcrumb\":{\"@id\":\"https:\/\/www.softwareglimpse.com\/terms-and-conditions\/#breadcrumb\"},\"inLanguage\":\"de\",\"potentialAction\":[{\"@type\":\"ReadAction\",\"target\":[\"https:\/\/www.softwareglimpse.com\/terms-and-conditions\/\"]}]},{\"@type\":\"BreadcrumbList\",\"@id\":\"https:\/\/www.softwareglimpse.com\/terms-and-conditions\/#breadcrumb\",\"itemListElement\":[{\"@type\":\"ListItem\",\"position\":1,\"name\":\"Home\",\"item\":\"https:\/\/www.softwareglimpse.com\/\"},{\"@type\":\"ListItem\",\"position\":2,\"name\":\"Terms and Conditions\"}]},{\"@type\":\"WebSite\",\"@id\":\"https:\/\/www.softwareglimpse.com\/#website\",\"url\":\"https:\/\/www.softwareglimpse.com\/\",\"name\":\"softwareglimpse.com\",\"description\":\"Stay ahead of the game with our trusted software reviews.\",\"publisher\":{\"@id\":\"https:\/\/www.softwareglimpse.com\/#organization\"},\"potentialAction\":[{\"@type\":\"SearchAction\",\"target\":{\"@type\":\"EntryPoint\",\"urlTemplate\":\"https:\/\/www.softwareglimpse.com\/?s={search_term_string}\"},\"query-input\":\"required name=search_term_string\"}],\"inLanguage\":\"de\"},{\"@type\":\"Organization\",\"@id\":\"https:\/\/www.softwareglimpse.com\/#organization\",\"name\":\"Software Glimpse\",\"url\":\"https:\/\/www.softwareglimpse.com\/\",\"logo\":{\"@type\":\"ImageObject\",\"inLanguage\":\"de\",\"@id\":\"https:\/\/www.softwareglimpse.com\/#\/schema\/logo\/image\/\",\"url\":\"https:\/\/www.softwareglimpse.com\/wp-content\/uploads\/2023\/03\/cropped-Software-GLIMPSE-logo.png\",\"contentUrl\":\"https:\/\/www.softwareglimpse.com\/wp-content\/uploads\/2023\/03\/cropped-Software-GLIMPSE-logo.png\",\"width\":500,\"height\":200,\"caption\":\"Software Glimpse\"},\"image\":{\"@id\":\"https:\/\/www.softwareglimpse.com\/#\/schema\/logo\/image\/\"},\"sameAs\":[\"https:\/\/www.facebook.com\/softwareglimpse\",\"https:\/\/twitter.com\/softwareglimpse\"]}]}<\/script>\n<!-- \/ Yoast SEO plugin. -->","yoast_head_json":{"title":"Terms and Conditions - softwareglimpse.com","description":"Looking for expert software reviews and guides? softwareglimpse.com has got you covered! Our latest Terms and Conditions offers comprehensive insights and step-by-step tutorials on the latest software tools and technologies. Whether you're a beginner or an advanced user, our blog provides valuable tips and tricks to help you streamline your workflow and achieve better results. Check out our Terms and Conditions now and take your skills to the next level!","robots":{"index":"index","follow":"follow","max-snippet":"max-snippet:-1","max-image-preview":"max-image-preview:large","max-video-preview":"max-video-preview:-1"},"canonical":"https:\/\/www.softwareglimpse.com\/de\/geschaftsbedingungen\/","og_locale":"de_DE","og_type":"article","og_title":"Terms and Conditions - softwareglimpse.com","og_description":"Looking for expert software reviews and guides? softwareglimpse.com has got you covered! Our latest Terms and Conditions offers comprehensive insights and step-by-step tutorials on the latest software tools and technologies. Whether you're a beginner or an advanced user, our blog provides valuable tips and tricks to help you streamline your workflow and achieve better results. Check out our Terms and Conditions now and take your skills to the next level!","og_url":"https:\/\/www.softwareglimpse.com\/de\/geschaftsbedingungen\/","og_site_name":"softwareglimpse.com","article_publisher":"https:\/\/www.facebook.com\/softwareglimpse","article_modified_time":"2023-04-14T14:32:52+00:00","og_image":[{"width":1920,"height":1280,"url":"https:\/\/www.softwareglimpse.com\/wp-content\/uploads\/2022\/03\/dylan-ferreira-TT5HB9mF07U-unsplash.jpg","type":"image\/jpeg"}],"twitter_card":"summary_large_image","twitter_site":"@softwareglimpse","twitter_misc":{"Gesch\u00e4tzte Lesezeit":"2\u00a0Minuten"},"schema":{"@context":"https:\/\/schema.org","@graph":[{"@type":"WebPage","@id":"https:\/\/www.softwareglimpse.com\/terms-and-conditions\/","url":"https:\/\/www.softwareglimpse.com\/terms-and-conditions\/","name":"Terms and Conditions - softwareglimpse.com","isPartOf":{"@id":"https:\/\/www.softwareglimpse.com\/#website"},"datePublished":"2023-04-14T14:32:00+00:00","dateModified":"2023-04-14T14:32:52+00:00","description":"Looking for expert software reviews and guides? softwareglimpse.com has got you covered! Our latest Terms and Conditions offers comprehensive insights and step-by-step tutorials on the latest software tools and technologies. Whether you're a beginner or an advanced user, our blog provides valuable tips and tricks to help you streamline your workflow and achieve better results. Check out our Terms and Conditions now and take your skills to the next level!","breadcrumb":{"@id":"https:\/\/www.softwareglimpse.com\/terms-and-conditions\/#breadcrumb"},"inLanguage":"de","potentialAction":[{"@type":"ReadAction","target":["https:\/\/www.softwareglimpse.com\/terms-and-conditions\/"]}]},{"@type":"BreadcrumbList","@id":"https:\/\/www.softwareglimpse.com\/terms-and-conditions\/#breadcrumb","itemListElement":[{"@type":"ListItem","position":1,"name":"Home","item":"https:\/\/www.softwareglimpse.com\/"},{"@type":"ListItem","position":2,"name":"Terms and Conditions"}]},{"@type":"WebSite","@id":"https:\/\/www.softwareglimpse.com\/#website","url":"https:\/\/www.softwareglimpse.com\/","name":"softwareglimpse.com","description":"Stay ahead of the game with our trusted software reviews.","publisher":{"@id":"https:\/\/www.softwareglimpse.com\/#organization"},"potentialAction":[{"@type":"SearchAction","target":{"@type":"EntryPoint","urlTemplate":"https:\/\/www.softwareglimpse.com\/?s={search_term_string}"},"query-input":"required name=search_term_string"}],"inLanguage":"de"},{"@type":"Organization","@id":"https:\/\/www.softwareglimpse.com\/#organization","name":"Software Glimpse","url":"https:\/\/www.softwareglimpse.com\/","logo":{"@type":"ImageObject","inLanguage":"de","@id":"https:\/\/www.softwareglimpse.com\/#\/schema\/logo\/image\/","url":"https:\/\/www.softwareglimpse.com\/wp-content\/uploads\/2023\/03\/cropped-Software-GLIMPSE-logo.png","contentUrl":"https:\/\/www.softwareglimpse.com\/wp-content\/uploads\/2023\/03\/cropped-Software-GLIMPSE-logo.png","width":500,"height":200,"caption":"Software Glimpse"},"image":{"@id":"https:\/\/www.softwareglimpse.com\/#\/schema\/logo\/image\/"},"sameAs":["https:\/\/www.facebook.com\/softwareglimpse","https:\/\/twitter.com\/softwareglimpse"]}]}},"taxonomy_info":[],"featured_image_src_large":["https:\/\/www.softwareglimpse.com\/wp-content\/uploads\/2022\/03\/dylan-ferreira-TT5HB9mF07U-unsplash-1024x683.jpg",1024,683,true],"author_info":{"display_name":"Lee M","author_link":"https:\/\/www.softwareglimpse.com\/de\/author\/wpx_admin\/"},"comment_info":0,"_links":{"self":[{"href":"https:\/\/www.softwareglimpse.com\/de\/wp-json\/wp\/v2\/pages\/1352","targetHints":{"allow":["GET"]}}],"collection":[{"href":"https:\/\/www.softwareglimpse.com\/de\/wp-json\/wp\/v2\/pages"}],"about":[{"href":"https:\/\/www.softwareglimpse.com\/de\/wp-json\/wp\/v2\/types\/page"}],"author":[{"embeddable":true,"href":"https:\/\/www.softwareglimpse.com\/de\/wp-json\/wp\/v2\/users\/1"}],"replies":[{"embeddable":true,"href":"https:\/\/www.softwareglimpse.com\/de\/wp-json\/wp\/v2\/comments?post=1352"}],"version-history":[{"count":1,"href":"https:\/\/www.softwareglimpse.com\/de\/wp-json\/wp\/v2\/pages\/1352\/revisions"}],"predecessor-version":[{"id":1353,"href":"https:\/\/www.softwareglimpse.com\/de\/wp-json\/wp\/v2\/pages\/1352\/revisions\/1353"}],"wp:featuredmedia":[{"embeddable":true,"href":"https:\/\/www.softwareglimpse.com\/de\/wp-json\/wp\/v2\/media\/58"}],"wp:attachment":[{"href":"https:\/\/www.softwareglimpse.com\/de\/wp-json\/wp\/v2\/media?parent=1352"}],"curies":[{"name":"wp","href":"https:\/\/api.w.org\/{rel}","templated":true}]}}